{"id":114,"date":"2016-07-22T17:33:57","date_gmt":"2016-07-22T15:33:57","guid":{"rendered":"http:\/\/sec-ur.de\/homepage\/?page_id=114"},"modified":"2023-10-10T16:53:06","modified_gmt":"2023-10-10T14:53:06","slug":"impressum","status":"publish","type":"page","link":"https:\/\/sec-ur.de\/index.php\/uber-uns\/impressum\/","title":{"rendered":"IMPRESSUM"},"content":{"rendered":"<div class=\"paragraph\">\n<h2 style=\"text-align: center;\">Impressum<\/h2>\n<h2 style=\"text-align: center;\"><img loading=\"lazy\" decoding=\"async\" class=\"aligncenter wp-image-320 \" title=\"Impressum\" src=\"http:\/\/sec-ur.de\/wp-content\/uploads\/2016\/07\/impressum-225x300.gif\" alt=\"Impressum\" width=\"179\" height=\"239\" srcset=\"https:\/\/sec-ur.de\/wp-content\/uploads\/2016\/07\/impressum-225x300.gif 225w, https:\/\/sec-ur.de\/wp-content\/uploads\/2016\/07\/impressum-300x400.gif 300w\" sizes=\"auto, (max-width: 179px) 100vw, 179px\" \/><\/h2>\n<p><b>Secur Sicherheitssysteme<\/b><\/p>\n<p>Inh. Uwe Reimer<b><br \/>\n<\/b>Kinzigstra\u00dfe 11<br \/>\n63303 Dreieich<\/p>\n<p>Telefon: 06103-2904495<br \/>\nE-Mail: info@sec-ur.de<\/p>\n<p>Umsatzsteuer &#8211; ID:<\/p>\n<p>Umsatzsteuer-Identifikationsnummer gem\u00e4\u00df \u00a727 a Umsatzsteuergesetz: DE 237 325 697<\/p>\n<\/div>\n<h2><a name=\"0000019b320cc392b\"><\/a>Haftungsausschluss<\/h2>\n<div class=\"paragraph\">\n<p>Trotz sorgf\u00e4ltiger Pr\u00fcfung k\u00f6nnen wir keine Haftung f\u00fcr die Inhalte externer Links \u00fcbernehmen. F\u00fcr den Inhalt diese Seiten sind ausschlie\u00dflich deren Betreiber verantwortlich.<\/p>\n<\/div>\n","protected":false},"excerpt":{"rendered":"<p>Impressum Secur Sicherheitssysteme Inh. Uwe Reimer Kinzigstra\u00dfe 11 63303 Dreieich Telefon: 06103-2904495 E-Mail: info@sec-ur.de Umsatzsteuer &#8211; ID: Umsatzsteuer-Identifikationsnummer gem\u00e4\u00df \u00a727 a Umsatzsteuergesetz: DE 237 325 697 Haftungsausschluss Trotz sorgf\u00e4ltiger Pr\u00fcfung k\u00f6nnen wir keine Haftung f\u00fcr die Inhalte externer Links \u00fcbernehmen. F\u00fcr den Inhalt diese Seiten &hellip; <a href=\"https:\/\/sec-ur.de\/index.php\/uber-uns\/impressum\/\" class=\"more-link\"><span>Continue reading<span class=\"screen-reader-text\">IMPRESSUM<\/span><\/span><\/a><\/p>\n","protected":false},"author":1,"featured_media":0,"parent":24,"menu_order":0,"comment_status":"closed","ping_status":"closed","template":"","meta":{"footnotes":""},"class_list":["post-114","page","type-page","status-publish","hentry"],"yoast_head":"<!-- This site is optimized with the Yoast SEO plugin v26.4 - https:\/\/yoast.com\/wordpress\/plugins\/seo\/ -->\n<title>Impressum: Secur Sicherheitssysteme, Leukertsweg 32, 63225 Langen, Telefon: 06103-2904495, E-Mail: info@sec-ur.de, www.sec-ur.de<\/title>\n<meta name=\"description\" content=\"Impressum: Secur Sicherheitssysteme, Farnweg 29, 63225 Langen, Telefon: 06103-2904495, E-Mail: info@sec-ur.de, www.sec-ur.de\" \/>\n<meta name=\"robots\" content=\"index, follow, max-snippet:-1, max-image-preview:large, max-video-preview:-1\" \/>\n<link rel=\"canonical\" href=\"https:\/\/sec-ur.de\/index.php\/uber-uns\/impressum\/\" \/>\n<meta property=\"og:locale\" content=\"de_DE\" \/>\n<meta property=\"og:type\" content=\"article\" \/>\n<meta property=\"og:title\" content=\"Impressum: Secur Sicherheitssysteme, Leukertsweg 32, 63225 Langen, Telefon: 06103-2904495, E-Mail: info@sec-ur.de, www.sec-ur.de\" \/>\n<meta property=\"og:description\" content=\"Impressum: Secur Sicherheitssysteme, Farnweg 29, 63225 Langen, Telefon: 06103-2904495, E-Mail: info@sec-ur.de, www.sec-ur.de\" \/>\n<meta property=\"og:url\" content=\"https:\/\/sec-ur.de\/index.php\/uber-uns\/impressum\/\" \/>\n<meta property=\"og:site_name\" content=\"SECUR Sicherheitssysteme\" \/>\n<meta property=\"article:publisher\" content=\"https:\/\/www.facebook.com\/Secur-Sicherheitssysteme-1554370868186186\/?ref=bookmarks\" \/>\n<meta property=\"article:modified_time\" content=\"2023-10-10T14:53:06+00:00\" \/>\n<meta property=\"og:image\" content=\"http:\/\/sec-ur.de\/wp-content\/uploads\/2016\/07\/impressum-225x300.gif\" \/>\n<meta name=\"twitter:card\" content=\"summary_large_image\" \/>\n<meta name=\"twitter:label1\" content=\"Gesch\u00e4tzte Lesezeit\" \/>\n\t<meta name=\"twitter:data1\" content=\"1\u00a0Minute\" \/>\n<script type=\"application\/ld+json\" class=\"yoast-schema-graph\">{\"@context\":\"https:\/\/schema.org\",\"@graph\":[{\"@type\":\"WebPage\",\"@id\":\"https:\/\/sec-ur.de\/index.php\/uber-uns\/impressum\/\",\"url\":\"https:\/\/sec-ur.de\/index.php\/uber-uns\/impressum\/\",\"name\":\"Impressum: Secur Sicherheitssysteme, Leukertsweg 32, 63225 Langen, Telefon: 06103-2904495, E-Mail: info@sec-ur.de, www.sec-ur.de\",\"isPartOf\":{\"@id\":\"https:\/\/sec-ur.de\/#website\"},\"primaryImageOfPage\":{\"@id\":\"https:\/\/sec-ur.de\/index.php\/uber-uns\/impressum\/#primaryimage\"},\"image\":{\"@id\":\"https:\/\/sec-ur.de\/index.php\/uber-uns\/impressum\/#primaryimage\"},\"thumbnailUrl\":\"http:\/\/sec-ur.de\/wp-content\/uploads\/2016\/07\/impressum-225x300.gif\",\"datePublished\":\"2016-07-22T15:33:57+00:00\",\"dateModified\":\"2023-10-10T14:53:06+00:00\",\"description\":\"Impressum: Secur Sicherheitssysteme, Farnweg 29, 63225 Langen, Telefon: 06103-2904495, E-Mail: info@sec-ur.de, www.sec-ur.de\",\"breadcrumb\":{\"@id\":\"https:\/\/sec-ur.de\/index.php\/uber-uns\/impressum\/#breadcrumb\"},\"inLanguage\":\"de\",\"potentialAction\":[{\"@type\":\"ReadAction\",\"target\":[\"https:\/\/sec-ur.de\/index.php\/uber-uns\/impressum\/\"]}]},{\"@type\":\"ImageObject\",\"inLanguage\":\"de\",\"@id\":\"https:\/\/sec-ur.de\/index.php\/uber-uns\/impressum\/#primaryimage\",\"url\":\"https:\/\/sec-ur.de\/wp-content\/uploads\/2016\/07\/impressum.gif\",\"contentUrl\":\"https:\/\/sec-ur.de\/wp-content\/uploads\/2016\/07\/impressum.gif\",\"width\":300,\"height\":400},{\"@type\":\"BreadcrumbList\",\"@id\":\"https:\/\/sec-ur.de\/index.php\/uber-uns\/impressum\/#breadcrumb\",\"itemListElement\":[{\"@type\":\"ListItem\",\"position\":1,\"name\":\"Startseite\",\"item\":\"https:\/\/sec-ur.de\/\"},{\"@type\":\"ListItem\",\"position\":2,\"name\":\"\u00dcBER UNS\",\"item\":\"https:\/\/sec-ur.de\/index.php\/uber-uns\/\"},{\"@type\":\"ListItem\",\"position\":3,\"name\":\"IMPRESSUM\"}]},{\"@type\":\"WebSite\",\"@id\":\"https:\/\/sec-ur.de\/#website\",\"url\":\"https:\/\/sec-ur.de\/\",\"name\":\"SECUR Sicherheitssysteme\",\"description\":\"Einbruchmeldeanlagen - Video\u00fcberwachung - Zutrittskontrolle - Notrufzentrale\",\"publisher\":{\"@id\":\"https:\/\/sec-ur.de\/#organization\"},\"potentialAction\":[{\"@type\":\"SearchAction\",\"target\":{\"@type\":\"EntryPoint\",\"urlTemplate\":\"https:\/\/sec-ur.de\/?s={search_term_string}\"},\"query-input\":{\"@type\":\"PropertyValueSpecification\",\"valueRequired\":true,\"valueName\":\"search_term_string\"}}],\"inLanguage\":\"de\"},{\"@type\":\"Organization\",\"@id\":\"https:\/\/sec-ur.de\/#organization\",\"name\":\"SECUR Sicherheitssysteme\",\"url\":\"https:\/\/sec-ur.de\/\",\"logo\":{\"@type\":\"ImageObject\",\"inLanguage\":\"de\",\"@id\":\"https:\/\/sec-ur.de\/#\/schema\/logo\/image\/\",\"url\":\"https:\/\/sec-ur.de\/wp-content\/uploads\/2016\/07\/Logo-neu.jpg\",\"contentUrl\":\"https:\/\/sec-ur.de\/wp-content\/uploads\/2016\/07\/Logo-neu.jpg\",\"width\":1754,\"height\":1240,\"caption\":\"SECUR Sicherheitssysteme\"},\"image\":{\"@id\":\"https:\/\/sec-ur.de\/#\/schema\/logo\/image\/\"},\"sameAs\":[\"https:\/\/www.facebook.com\/Secur-Sicherheitssysteme-1554370868186186\/?ref=bookmarks\",\"https:\/\/www.instagram.com\/secur_sicherheitssysteme\/\",\"https:\/\/www.youtube.com\/channel\/UCknQxP1HzaTWSoOg1NWqxrw\"]}]}<\/script>\n<!-- \/ Yoast SEO plugin. -->","yoast_head_json":{"title":"Impressum: Secur Sicherheitssysteme, Leukertsweg 32, 63225 Langen, Telefon: 06103-2904495, E-Mail: info@sec-ur.de, www.sec-ur.de","description":"Impressum: Secur Sicherheitssysteme, Farnweg 29, 63225 Langen, Telefon: 06103-2904495, E-Mail: info@sec-ur.de, www.sec-ur.de","robots":{"index":"index","follow":"follow","max-snippet":"max-snippet:-1","max-image-preview":"max-image-preview:large","max-video-preview":"max-video-preview:-1"},"canonical":"https:\/\/sec-ur.de\/index.php\/uber-uns\/impressum\/","og_locale":"de_DE","og_type":"article","og_title":"Impressum: Secur Sicherheitssysteme, Leukertsweg 32, 63225 Langen, Telefon: 06103-2904495, E-Mail: info@sec-ur.de, www.sec-ur.de","og_description":"Impressum: Secur Sicherheitssysteme, Farnweg 29, 63225 Langen, Telefon: 06103-2904495, E-Mail: info@sec-ur.de, www.sec-ur.de","og_url":"https:\/\/sec-ur.de\/index.php\/uber-uns\/impressum\/","og_site_name":"SECUR Sicherheitssysteme","article_publisher":"https:\/\/www.facebook.com\/Secur-Sicherheitssysteme-1554370868186186\/?ref=bookmarks","article_modified_time":"2023-10-10T14:53:06+00:00","og_image":[{"url":"http:\/\/sec-ur.de\/wp-content\/uploads\/2016\/07\/impressum-225x300.gif","type":"","width":"","height":""}],"twitter_card":"summary_large_image","twitter_misc":{"Gesch\u00e4tzte Lesezeit":"1\u00a0Minute"},"schema":{"@context":"https:\/\/schema.org","@graph":[{"@type":"WebPage","@id":"https:\/\/sec-ur.de\/index.php\/uber-uns\/impressum\/","url":"https:\/\/sec-ur.de\/index.php\/uber-uns\/impressum\/","name":"Impressum: Secur Sicherheitssysteme, Leukertsweg 32, 63225 Langen, Telefon: 06103-2904495, E-Mail: info@sec-ur.de, www.sec-ur.de","isPartOf":{"@id":"https:\/\/sec-ur.de\/#website"},"primaryImageOfPage":{"@id":"https:\/\/sec-ur.de\/index.php\/uber-uns\/impressum\/#primaryimage"},"image":{"@id":"https:\/\/sec-ur.de\/index.php\/uber-uns\/impressum\/#primaryimage"},"thumbnailUrl":"http:\/\/sec-ur.de\/wp-content\/uploads\/2016\/07\/impressum-225x300.gif","datePublished":"2016-07-22T15:33:57+00:00","dateModified":"2023-10-10T14:53:06+00:00","description":"Impressum: Secur Sicherheitssysteme, Farnweg 29, 63225 Langen, Telefon: 06103-2904495, E-Mail: info@sec-ur.de, www.sec-ur.de","breadcrumb":{"@id":"https:\/\/sec-ur.de\/index.php\/uber-uns\/impressum\/#breadcrumb"},"inLanguage":"de","potentialAction":[{"@type":"ReadAction","target":["https:\/\/sec-ur.de\/index.php\/uber-uns\/impressum\/"]}]},{"@type":"ImageObject","inLanguage":"de","@id":"https:\/\/sec-ur.de\/index.php\/uber-uns\/impressum\/#primaryimage","url":"https:\/\/sec-ur.de\/wp-content\/uploads\/2016\/07\/impressum.gif","contentUrl":"https:\/\/sec-ur.de\/wp-content\/uploads\/2016\/07\/impressum.gif","width":300,"height":400},{"@type":"BreadcrumbList","@id":"https:\/\/sec-ur.de\/index.php\/uber-uns\/impressum\/#breadcrumb","itemListElement":[{"@type":"ListItem","position":1,"name":"Startseite","item":"https:\/\/sec-ur.de\/"},{"@type":"ListItem","position":2,"name":"\u00dcBER UNS","item":"https:\/\/sec-ur.de\/index.php\/uber-uns\/"},{"@type":"ListItem","position":3,"name":"IMPRESSUM"}]},{"@type":"WebSite","@id":"https:\/\/sec-ur.de\/#website","url":"https:\/\/sec-ur.de\/","name":"SECUR Sicherheitssysteme","description":"Einbruchmeldeanlagen - Video\u00fcberwachung - Zutrittskontrolle - Notrufzentrale","publisher":{"@id":"https:\/\/sec-ur.de\/#organization"},"potentialAction":[{"@type":"SearchAction","target":{"@type":"EntryPoint","urlTemplate":"https:\/\/sec-ur.de\/?s={search_term_string}"},"query-input":{"@type":"PropertyValueSpecification","valueRequired":true,"valueName":"search_term_string"}}],"inLanguage":"de"},{"@type":"Organization","@id":"https:\/\/sec-ur.de\/#organization","name":"SECUR Sicherheitssysteme","url":"https:\/\/sec-ur.de\/","logo":{"@type":"ImageObject","inLanguage":"de","@id":"https:\/\/sec-ur.de\/#\/schema\/logo\/image\/","url":"https:\/\/sec-ur.de\/wp-content\/uploads\/2016\/07\/Logo-neu.jpg","contentUrl":"https:\/\/sec-ur.de\/wp-content\/uploads\/2016\/07\/Logo-neu.jpg","width":1754,"height":1240,"caption":"SECUR Sicherheitssysteme"},"image":{"@id":"https:\/\/sec-ur.de\/#\/schema\/logo\/image\/"},"sameAs":["https:\/\/www.facebook.com\/Secur-Sicherheitssysteme-1554370868186186\/?ref=bookmarks","https:\/\/www.instagram.com\/secur_sicherheitssysteme\/","https:\/\/www.youtube.com\/channel\/UCknQxP1HzaTWSoOg1NWqxrw"]}]}},"_links":{"self":[{"href":"https:\/\/sec-ur.de\/index.php\/wp-json\/wp\/v2\/pages\/114","targetHints":{"allow":["GET"]}}],"collection":[{"href":"https:\/\/sec-ur.de\/index.php\/wp-json\/wp\/v2\/pages"}],"about":[{"href":"https:\/\/sec-ur.de\/index.php\/wp-json\/wp\/v2\/types\/page"}],"author":[{"embeddable":true,"href":"https:\/\/sec-ur.de\/index.php\/wp-json\/wp\/v2\/users\/1"}],"replies":[{"embeddable":true,"href":"https:\/\/sec-ur.de\/index.php\/wp-json\/wp\/v2\/comments?post=114"}],"version-history":[{"count":8,"href":"https:\/\/sec-ur.de\/index.php\/wp-json\/wp\/v2\/pages\/114\/revisions"}],"predecessor-version":[{"id":769,"href":"https:\/\/sec-ur.de\/index.php\/wp-json\/wp\/v2\/pages\/114\/revisions\/769"}],"up":[{"embeddable":true,"href":"https:\/\/sec-ur.de\/index.php\/wp-json\/wp\/v2\/pages\/24"}],"wp:attachment":[{"href":"https:\/\/sec-ur.de\/index.php\/wp-json\/wp\/v2\/media?parent=114"}],"curies":[{"name":"wp","href":"https:\/\/api.w.org\/{rel}","templated":true}]}}