{"id":2,"date":"2016-07-19T14:38:22","date_gmt":"2016-07-19T14:38:22","guid":{"rendered":"http:\/\/sec-ur.de\/homepage\/?page_id=2"},"modified":"2025-11-27T11:46:59","modified_gmt":"2025-11-27T10:46:59","slug":"startseite","status":"publish","type":"page","link":"https:\/\/sec-ur.de\/","title":{"rendered":"HOME"},"content":{"rendered":"<h2 style=\"text-align: center;\"><em><strong>Willkommen auf unserer Hompage<\/strong><\/em><\/h2>\n<p style=\"text-align: center;\"><\/p>\n<p style=\"text-align: center;\"><strong>SECUR Sicherheitssysteme ist Ihr kompetenter Berater und Dienstleister f\u00fcr Alarmanlagen, Video\u00fcberwachung und Zutrittskontrollsysteme. Ob Privathaus, Wohnung oder Arztpraxis, Fabrikgel\u00e4nde oder B\u00fcrogeb\u00e4ude, ob Baustelle oder Au\u00dfenlager. Wir sichern jedes private wie gewerbliche Objekt gegen Einbr\u00fcche, Diebst\u00e4hle und \u00dcberf\u00e4lle ab. <\/strong><strong>Unsere Alarmanlagen entsprechen dem Sicherheitsstandard der EU Norm EN 50131, Grad 2\/3 (entspricht VDS-Klasse B), der Standard der von Sicherheitsexperten und <\/strong><strong>Polizei f\u00fcr Wohnungen, H\u00e4user oder Gewerbe empfohlen wird!<br \/>\n<\/strong><\/p>\n<p><a href=\"http:\/\/sec-ur.de\/index.php\/anfrageberatung\/\" target=\"_blank\" rel=\"noopener noreferrer\"><img loading=\"lazy\" decoding=\"async\" class=\"aligncenter wp-image-243 size-full\" title=\"videoueberwachung, alarmanlagen, funkalarmanlagen, zutrittskontrolle, notrufzentrale, sicherheitsstechnik, sicherheit\" src=\"http:\/\/sec-ur.de\/wp-content\/uploads\/2016\/07\/2-Kopie.jpg\" alt=\"Sicherheitstechnik, Funkalarmanlagen, Alarmanlagen Video\u00fcberwachung, Zutrittskontrolle von Secur Sicherhietssysteme ihrem Service Partner in 63225 Langen\" width=\"394\" height=\"324\" srcset=\"https:\/\/sec-ur.de\/wp-content\/uploads\/2016\/07\/2-Kopie.jpg 394w, https:\/\/sec-ur.de\/wp-content\/uploads\/2016\/07\/2-Kopie-300x247.jpg 300w\" sizes=\"auto, (max-width: 394px) 100vw, 394px\" \/><\/a><\/p>\n<p style=\"text-align: center;\"><strong><span style=\"color: #000000;\">SECUR Sicherheitssysteme bietet ihnen hochwertige Produkte plus die Beratung und den Service, den Ihnen nur ein Fachbetrieb wie SECUR Sicherheitssysteme liefern kann. Unser Spektrum an sicherheitstechnischen Produkten ist riesig: verkabelte <a style=\"color: #000000;\" href=\"http:\/\/sec-ur.de\/index.php\/sicherheitssysteme\/einbruchmeldeanlagen\/\" target=\"_blank\" rel=\"noopener noreferrer\">Alarmanlagen oder Funkalarmanlagen<\/a>. Im Bereich <a style=\"color: #000000;\" href=\"http:\/\/sec-ur.de\/index.php\/sicherheitssysteme\/videoueberwachung\/\" target=\"_blank\" rel=\"noopener noreferrer\">Video\u00fcberwachung<\/a> k\u00f6nnen wir Sie mit modernster<a style=\"color: #000000;\" href=\"http:\/\/sec-ur.de\/index.php\/sicherheitssysteme\/videoueberwachung\/\" target=\"_blank\" rel=\"noopener noreferrer\"> HD-SDI\/TVI\/IP Technik <\/a>versorgen. Zutrittskontrolle durch modernste <a style=\"color: #000000;\" href=\"http:\/\/sec-ur.de\/index.php\/sicherheitssysteme\/zutrittskontrolle\/\" target=\"_blank\" rel=\"noopener noreferrer\">RFID Technik<\/a> in unseren <a style=\"color: #000000;\" href=\"http:\/\/sec-ur.de\/index.php\/sicherheitssysteme\/zutrittskontrolle\/\" target=\"_blank\" rel=\"noopener noreferrer\">digitalen Schlie\u00dfzylinder.<\/a>\u00a0 Doch nicht jede Sicherheitsl\u00f6sung passt gleicherma\u00dfen f\u00fcr jeden Bedarf. Wir er\u00f6rtern mit Ihnen gemeinsam im pers\u00f6nlichen Beratungsgespr\u00e4ch vor Ort, welche Absicherungsma\u00dfnahmen f\u00fcr Ihre Situation sinnvoll und geeignet sind.<\/span><\/strong><\/p>\n<h2><\/h2>\n<h2 style=\"text-align: center;\"><em><span style=\"color: #000000;\"><strong>AJAX Funk-Alarmanlage<\/strong><\/span><\/em><\/h2>\n<p><a href=\"http:\/\/sec-ur.de\/index.php\/ajax-funk-alarmanlage\/\" target=\"_blank\" rel=\"noopener noreferrer\"><img loading=\"lazy\" decoding=\"async\" class=\"aligncenter wp-image-439 \" src=\"http:\/\/sec-ur.de\/wp-content\/uploads\/2018\/02\/ajax-wohnung.jpg\" alt=\"\" width=\"994\" height=\"471\" srcset=\"https:\/\/sec-ur.de\/wp-content\/uploads\/2018\/02\/ajax-wohnung.jpg 800w, https:\/\/sec-ur.de\/wp-content\/uploads\/2018\/02\/ajax-wohnung-300x142.jpg 300w, https:\/\/sec-ur.de\/wp-content\/uploads\/2018\/02\/ajax-wohnung-768x364.jpg 768w\" sizes=\"auto, (max-width: 994px) 100vw, 994px\" \/><\/a><\/p>\n<p style=\"text-align: center;\"><strong>Die AJAX Funk Alarmanlage vereint modernstes Design mit revolution\u00e4rer Funk-Technologie. <\/strong><strong>Die 868Mhz Jeweller Technologie bietet \u00dcbertragungsreichweiten bis zu 2000m. So k\u00f6nnen auch problemlos Objekte mit mehreren Etagen abgedeckt werden. <\/strong><strong>Durch Low-Energy Protokolle werden mehrj\u00e4hrige Laufzeiten (bis 7 Jahre) f\u00fcr alle Batterie-Komponenten erreicht und dies bei Intervall Pr\u00fcfungen zwischen 12-300s (einstellbar).\u00a0 Das Ajax System ist\u00a0<span style=\"font-family: Thread-00000b3c-Id-00000046;\">EN 50131 Grad 2 und 3<\/span> zertifiziert, dem von der Kriminalpolizei empfohlenen Sicherheitsstandard f\u00fcr Wohnungen, H\u00e4user und B\u00fcros und wird von der Kreditanstalt f\u00fcr Wiederaufbau gef\u00f6rdert.<\/strong><\/p>\n<h4><img loading=\"lazy\" decoding=\"async\" class=\"size-medium wp-image-818 aligncenter\" src=\"https:\/\/sec-ur.de\/wp-content\/uploads\/2025\/11\/logo-ajax-authorized-reseller-de-bl-300x151.png\" alt=\"\" width=\"300\" height=\"151\" srcset=\"https:\/\/sec-ur.de\/wp-content\/uploads\/2025\/11\/logo-ajax-authorized-reseller-de-bl-300x151.png 300w, https:\/\/sec-ur.de\/wp-content\/uploads\/2025\/11\/logo-ajax-authorized-reseller-de-bl-1024x515.png 1024w, https:\/\/sec-ur.de\/wp-content\/uploads\/2025\/11\/logo-ajax-authorized-reseller-de-bl-768x387.png 768w, https:\/\/sec-ur.de\/wp-content\/uploads\/2025\/11\/logo-ajax-authorized-reseller-de-bl-1536x773.png 1536w, https:\/\/sec-ur.de\/wp-content\/uploads\/2025\/11\/logo-ajax-authorized-reseller-de-bl-2048x1031.png 2048w, https:\/\/sec-ur.de\/wp-content\/uploads\/2025\/11\/logo-ajax-authorized-reseller-de-bl-1000x500.png 1000w, https:\/\/sec-ur.de\/wp-content\/uploads\/2025\/11\/logo-ajax-authorized-reseller-de-bl-1148x574.png 1148w\" sizes=\"auto, (max-width: 300px) 100vw, 300px\" \/><\/h4>\n<div id=\"c1500\" class=\"csc-default\">\n<p class=\"bodytext\" style=\"text-align: center;\"><strong style=\"font-family: Raleway, sans-serif; font-size: 2.25rem;\">Sie haben bereits eine Alarmanlage oder Video\u00fcberwachung?<\/strong><\/p>\n<\/div>\n<p style=\"text-align: center;\"><strong>Gerne \u00fcbernehmen wir die Wartung und den Service Ihrer bereits bestehenden Sicherheitssysteme.<\/strong><\/p>\n<p style=\"text-align: center;\"><strong><span style=\"color: #000000;\">\u00a0<\/span><\/strong><\/p>\n<h2 style=\"text-align: center;\"><\/h2>\n<h5 style=\"text-align: center;\"><strong>\u00a0<\/strong><\/h5>\n<h6><span style=\"color: #000000;\"><strong>\u00a0<\/strong><\/span><\/h6>\n","protected":false},"excerpt":{"rendered":"<p>Willkommen auf unserer Hompage SECUR Sicherheitssysteme ist Ihr kompetenter Berater und Dienstleister f\u00fcr Alarmanlagen, Video\u00fcberwachung und Zutrittskontrollsysteme. Ob Privathaus, Wohnung oder Arztpraxis, Fabrikgel\u00e4nde oder B\u00fcrogeb\u00e4ude, ob Baustelle oder Au\u00dfenlager. Wir sichern jedes private wie gewerbliche Objekt gegen Einbr\u00fcche, Diebst\u00e4hle und \u00dcberf\u00e4lle ab. Unsere Alarmanlagen entsprechen &hellip; <a href=\"https:\/\/sec-ur.de\/\" class=\"more-link\"><span>Continue reading<span class=\"screen-reader-text\">HOME<\/span><\/span><\/a><\/p>\n","protected":false},"author":1,"featured_media":0,"parent":0,"menu_order":0,"comment_status":"closed","ping_status":"open","template":"","meta":{"footnotes":""},"class_list":["post-2","page","type-page","status-publish","hentry"],"yoast_head":"<!-- This site is optimized with the Yoast SEO plugin v26.4 - https:\/\/yoast.com\/wordpress\/plugins\/seo\/ -->\n<title>Sicherheitstechnik, Funkalarmanlagen, Video\u00fcberwachung, Zutrittskontrolle<\/title>\n<meta name=\"description\" content=\"Sicherheitstechnik, AJAX-Funkalarmanlagen, Video\u00fcberwachung, Zutrittskontrolle aus Dreieich\" \/>\n<meta name=\"robots\" content=\"index, follow, max-snippet:-1, max-image-preview:large, max-video-preview:-1\" \/>\n<link rel=\"canonical\" href=\"https:\/\/sec-ur.de\/\" \/>\n<meta property=\"og:locale\" content=\"de_DE\" \/>\n<meta property=\"og:type\" content=\"article\" \/>\n<meta property=\"og:title\" content=\"Sicherheitstechnik, Funkalarmanlagen, Video\u00fcberwachung, Zutrittskontrolle\" \/>\n<meta property=\"og:description\" content=\"Sicherheitstechnik, AJAX-Funkalarmanlagen, Video\u00fcberwachung, Zutrittskontrolle aus Dreieich\" \/>\n<meta property=\"og:url\" content=\"https:\/\/sec-ur.de\/\" \/>\n<meta property=\"og:site_name\" content=\"SECUR Sicherheitssysteme\" \/>\n<meta property=\"article:publisher\" content=\"https:\/\/www.facebook.com\/Secur-Sicherheitssysteme-1554370868186186\/?ref=bookmarks\" \/>\n<meta property=\"article:modified_time\" content=\"2025-11-27T10:46:59+00:00\" \/>\n<meta property=\"og:image\" content=\"http:\/\/sec-ur.de\/wp-content\/uploads\/2016\/07\/2-Kopie.jpg\" \/>\n<meta name=\"twitter:card\" content=\"summary_large_image\" \/>\n<meta name=\"twitter:label1\" content=\"Gesch\u00e4tzte Lesezeit\" \/>\n\t<meta name=\"twitter:data1\" content=\"3\u00a0Minuten\" \/>\n<script type=\"application\/ld+json\" class=\"yoast-schema-graph\">{\"@context\":\"https:\/\/schema.org\",\"@graph\":[{\"@type\":\"WebPage\",\"@id\":\"https:\/\/sec-ur.de\/\",\"url\":\"https:\/\/sec-ur.de\/\",\"name\":\"Sicherheitstechnik, Funkalarmanlagen, Video\u00fcberwachung, Zutrittskontrolle\",\"isPartOf\":{\"@id\":\"https:\/\/sec-ur.de\/#website\"},\"primaryImageOfPage\":{\"@id\":\"https:\/\/sec-ur.de\/#primaryimage\"},\"image\":{\"@id\":\"https:\/\/sec-ur.de\/#primaryimage\"},\"thumbnailUrl\":\"http:\/\/sec-ur.de\/wp-content\/uploads\/2016\/07\/2-Kopie.jpg\",\"datePublished\":\"2016-07-19T14:38:22+00:00\",\"dateModified\":\"2025-11-27T10:46:59+00:00\",\"description\":\"Sicherheitstechnik, AJAX-Funkalarmanlagen, Video\u00fcberwachung, Zutrittskontrolle aus Dreieich\",\"breadcrumb\":{\"@id\":\"https:\/\/sec-ur.de\/#breadcrumb\"},\"inLanguage\":\"de\",\"potentialAction\":[{\"@type\":\"ReadAction\",\"target\":[\"https:\/\/sec-ur.de\/\"]}]},{\"@type\":\"ImageObject\",\"inLanguage\":\"de\",\"@id\":\"https:\/\/sec-ur.de\/#primaryimage\",\"url\":\"https:\/\/sec-ur.de\/wp-content\/uploads\/2016\/07\/2-Kopie.jpg\",\"contentUrl\":\"https:\/\/sec-ur.de\/wp-content\/uploads\/2016\/07\/2-Kopie.jpg\",\"width\":394,\"height\":324},{\"@type\":\"BreadcrumbList\",\"@id\":\"https:\/\/sec-ur.de\/#breadcrumb\",\"itemListElement\":[{\"@type\":\"ListItem\",\"position\":1,\"name\":\"Startseite\",\"item\":\"https:\/\/sec-ur.de\/\"},{\"@type\":\"ListItem\",\"position\":2,\"name\":\"HOME\"}]},{\"@type\":\"WebSite\",\"@id\":\"https:\/\/sec-ur.de\/#website\",\"url\":\"https:\/\/sec-ur.de\/\",\"name\":\"SECUR Sicherheitssysteme\",\"description\":\"Einbruchmeldeanlagen - Video\u00fcberwachung - Zutrittskontrolle - Notrufzentrale\",\"publisher\":{\"@id\":\"https:\/\/sec-ur.de\/#organization\"},\"potentialAction\":[{\"@type\":\"SearchAction\",\"target\":{\"@type\":\"EntryPoint\",\"urlTemplate\":\"https:\/\/sec-ur.de\/?s={search_term_string}\"},\"query-input\":{\"@type\":\"PropertyValueSpecification\",\"valueRequired\":true,\"valueName\":\"search_term_string\"}}],\"inLanguage\":\"de\"},{\"@type\":\"Organization\",\"@id\":\"https:\/\/sec-ur.de\/#organization\",\"name\":\"SECUR Sicherheitssysteme\",\"url\":\"https:\/\/sec-ur.de\/\",\"logo\":{\"@type\":\"ImageObject\",\"inLanguage\":\"de\",\"@id\":\"https:\/\/sec-ur.de\/#\/schema\/logo\/image\/\",\"url\":\"https:\/\/sec-ur.de\/wp-content\/uploads\/2016\/07\/Logo-neu.jpg\",\"contentUrl\":\"https:\/\/sec-ur.de\/wp-content\/uploads\/2016\/07\/Logo-neu.jpg\",\"width\":1754,\"height\":1240,\"caption\":\"SECUR Sicherheitssysteme\"},\"image\":{\"@id\":\"https:\/\/sec-ur.de\/#\/schema\/logo\/image\/\"},\"sameAs\":[\"https:\/\/www.facebook.com\/Secur-Sicherheitssysteme-1554370868186186\/?ref=bookmarks\",\"https:\/\/www.instagram.com\/secur_sicherheitssysteme\/\",\"https:\/\/www.youtube.com\/channel\/UCknQxP1HzaTWSoOg1NWqxrw\"]}]}<\/script>\n<!-- \/ Yoast SEO plugin. -->","yoast_head_json":{"title":"Sicherheitstechnik, Funkalarmanlagen, Video\u00fcberwachung, Zutrittskontrolle","description":"Sicherheitstechnik, AJAX-Funkalarmanlagen, Video\u00fcberwachung, Zutrittskontrolle aus Dreieich","robots":{"index":"index","follow":"follow","max-snippet":"max-snippet:-1","max-image-preview":"max-image-preview:large","max-video-preview":"max-video-preview:-1"},"canonical":"https:\/\/sec-ur.de\/","og_locale":"de_DE","og_type":"article","og_title":"Sicherheitstechnik, Funkalarmanlagen, Video\u00fcberwachung, Zutrittskontrolle","og_description":"Sicherheitstechnik, AJAX-Funkalarmanlagen, Video\u00fcberwachung, Zutrittskontrolle aus Dreieich","og_url":"https:\/\/sec-ur.de\/","og_site_name":"SECUR Sicherheitssysteme","article_publisher":"https:\/\/www.facebook.com\/Secur-Sicherheitssysteme-1554370868186186\/?ref=bookmarks","article_modified_time":"2025-11-27T10:46:59+00:00","og_image":[{"url":"http:\/\/sec-ur.de\/wp-content\/uploads\/2016\/07\/2-Kopie.jpg","type":"","width":"","height":""}],"twitter_card":"summary_large_image","twitter_misc":{"Gesch\u00e4tzte Lesezeit":"3\u00a0Minuten"},"schema":{"@context":"https:\/\/schema.org","@graph":[{"@type":"WebPage","@id":"https:\/\/sec-ur.de\/","url":"https:\/\/sec-ur.de\/","name":"Sicherheitstechnik, Funkalarmanlagen, Video\u00fcberwachung, Zutrittskontrolle","isPartOf":{"@id":"https:\/\/sec-ur.de\/#website"},"primaryImageOfPage":{"@id":"https:\/\/sec-ur.de\/#primaryimage"},"image":{"@id":"https:\/\/sec-ur.de\/#primaryimage"},"thumbnailUrl":"http:\/\/sec-ur.de\/wp-content\/uploads\/2016\/07\/2-Kopie.jpg","datePublished":"2016-07-19T14:38:22+00:00","dateModified":"2025-11-27T10:46:59+00:00","description":"Sicherheitstechnik, AJAX-Funkalarmanlagen, Video\u00fcberwachung, Zutrittskontrolle aus Dreieich","breadcrumb":{"@id":"https:\/\/sec-ur.de\/#breadcrumb"},"inLanguage":"de","potentialAction":[{"@type":"ReadAction","target":["https:\/\/sec-ur.de\/"]}]},{"@type":"ImageObject","inLanguage":"de","@id":"https:\/\/sec-ur.de\/#primaryimage","url":"https:\/\/sec-ur.de\/wp-content\/uploads\/2016\/07\/2-Kopie.jpg","contentUrl":"https:\/\/sec-ur.de\/wp-content\/uploads\/2016\/07\/2-Kopie.jpg","width":394,"height":324},{"@type":"BreadcrumbList","@id":"https:\/\/sec-ur.de\/#breadcrumb","itemListElement":[{"@type":"ListItem","position":1,"name":"Startseite","item":"https:\/\/sec-ur.de\/"},{"@type":"ListItem","position":2,"name":"HOME"}]},{"@type":"WebSite","@id":"https:\/\/sec-ur.de\/#website","url":"https:\/\/sec-ur.de\/","name":"SECUR Sicherheitssysteme","description":"Einbruchmeldeanlagen - Video\u00fcberwachung - Zutrittskontrolle - Notrufzentrale","publisher":{"@id":"https:\/\/sec-ur.de\/#organization"},"potentialAction":[{"@type":"SearchAction","target":{"@type":"EntryPoint","urlTemplate":"https:\/\/sec-ur.de\/?s={search_term_string}"},"query-input":{"@type":"PropertyValueSpecification","valueRequired":true,"valueName":"search_term_string"}}],"inLanguage":"de"},{"@type":"Organization","@id":"https:\/\/sec-ur.de\/#organization","name":"SECUR Sicherheitssysteme","url":"https:\/\/sec-ur.de\/","logo":{"@type":"ImageObject","inLanguage":"de","@id":"https:\/\/sec-ur.de\/#\/schema\/logo\/image\/","url":"https:\/\/sec-ur.de\/wp-content\/uploads\/2016\/07\/Logo-neu.jpg","contentUrl":"https:\/\/sec-ur.de\/wp-content\/uploads\/2016\/07\/Logo-neu.jpg","width":1754,"height":1240,"caption":"SECUR Sicherheitssysteme"},"image":{"@id":"https:\/\/sec-ur.de\/#\/schema\/logo\/image\/"},"sameAs":["https:\/\/www.facebook.com\/Secur-Sicherheitssysteme-1554370868186186\/?ref=bookmarks","https:\/\/www.instagram.com\/secur_sicherheitssysteme\/","https:\/\/www.youtube.com\/channel\/UCknQxP1HzaTWSoOg1NWqxrw"]}]}},"_links":{"self":[{"href":"https:\/\/sec-ur.de\/index.php\/wp-json\/wp\/v2\/pages\/2","targetHints":{"allow":["GET"]}}],"collection":[{"href":"https:\/\/sec-ur.de\/index.php\/wp-json\/wp\/v2\/pages"}],"about":[{"href":"https:\/\/sec-ur.de\/index.php\/wp-json\/wp\/v2\/types\/page"}],"author":[{"embeddable":true,"href":"https:\/\/sec-ur.de\/index.php\/wp-json\/wp\/v2\/users\/1"}],"replies":[{"embeddable":true,"href":"https:\/\/sec-ur.de\/index.php\/wp-json\/wp\/v2\/comments?post=2"}],"version-history":[{"count":94,"href":"https:\/\/sec-ur.de\/index.php\/wp-json\/wp\/v2\/pages\/2\/revisions"}],"predecessor-version":[{"id":826,"href":"https:\/\/sec-ur.de\/index.php\/wp-json\/wp\/v2\/pages\/2\/revisions\/826"}],"wp:attachment":[{"href":"https:\/\/sec-ur.de\/index.php\/wp-json\/wp\/v2\/media?parent=2"}],"curies":[{"name":"wp","href":"https:\/\/api.w.org\/{rel}","templated":true}]}}