{"id":24,"date":"2016-07-19T19:50:24","date_gmt":"2016-07-19T19:50:24","guid":{"rendered":"http:\/\/sec-ur.de\/homepage\/?page_id=24"},"modified":"2019-03-06T11:45:19","modified_gmt":"2019-03-06T10:45:19","slug":"uber-uns","status":"publish","type":"page","link":"https:\/\/sec-ur.de\/index.php\/uber-uns\/","title":{"rendered":"\u00dcBER UNS"},"content":{"rendered":"<h3 style=\"text-align: center;\"><strong>SECUR Sicherheitssysteme<\/strong><\/h3>\n<h3 style=\"text-align: center;\"><strong>Wir sind mit <em>&#8222;SICHERHEIT&#8220;<\/em> f\u00fcr Sie da&#8230;<\/strong><\/h3>\n<p><img loading=\"lazy\" decoding=\"async\" class=\"aligncenter wp-image-124 size-medium\" title=\"SECUR Sicherheitssysteme ihr Service Partner in 63225 Langen \" src=\"http:\/\/sec-ur.de\/wp-content\/uploads\/2016\/07\/Man11-176x300.jpg\" alt=\"SECUR Sicherheitssysteme ihr Service Partner in 63225 Langen \" width=\"176\" height=\"300\" srcset=\"https:\/\/sec-ur.de\/wp-content\/uploads\/2016\/07\/Man11-176x300.jpg 176w, https:\/\/sec-ur.de\/wp-content\/uploads\/2016\/07\/Man11.jpg 514w\" sizes=\"auto, (max-width: 176px) 100vw, 176px\" \/><\/p>\n<p><span style=\"color: #000000;\"><strong>SECUR Sicherheitssysteme<\/strong><\/span><br \/>\nist Ihr kompetenter Berater und Dienstleister f\u00fcr Einbruchmeldeanlagen, Video\u00fcberwachung und Zutrittskontrollsysteme. Ob Privathaus, Wohnung oder Arztpraxis, Fabrikgel\u00e4nde oder B\u00fcrogeb\u00e4ude, ob Baustelle oder Au\u00dfenlager. Wir sichern jedes private wie gewerbliche Objekt wirkungsvoll gegen Einbr\u00fcche, Diebst\u00e4hle und \u00dcberf\u00e4lle ab.<\/p>\n<p><span style=\"color: #000000;\"><strong>SECUR Sicherheitssysteme<\/strong><\/span><br \/>\nsteht f\u00fcr Qualit\u00e4t, Sicherheit und eine \u00fcber 25 langj\u00e4hrige Erfahrung und Fachkompetenz in der Sicherheitsbranche!<br \/>\nDurch laufende Schulungen sind wir immer auf dem aktuellsten Stand.<\/p>\n<p><span style=\"color: #000000;\"><strong>SECUR Sicherheitssysteme<\/strong><\/span><br \/>\nbietet ihnen hochwertige Produkte plus die Beratung und den Service, den Ihnen nur ein Fachbetrieb wie SECUR Sicherheitssysteme liefern kann. Unser Spektrum an sicherheitstechnischen Produkten ist riesig: verkabelte Alarmanlagen oder Funkalarmanlagen. Im Bereich Video\u00fcberwachung k\u00f6nnen wir Sie mit modernster HD-SDI\/TVI\/IP Technik versorgen. Zutrittskontrolle durch modernste RFID Technik in unseren digitalen Schlie\u00dfzylinder. Doch nicht jede Sicherheitsl\u00f6sung passt gleicherma\u00dfen f\u00fcr jeden Bedarf. Wir er\u00f6rtern mit Ihnen gemeinsam im pers\u00f6nlichen Beratungsgespr\u00e4ch vor Ort, welche Absicherungsma\u00dfnahmen f\u00fcr Ihre Situation sinnvoll und geeignet sind.<\/p>\n<p><span style=\"color: #000000;\"><strong>SECUR Sicherheitssysteme<\/strong><\/span><br \/>\nerf\u00fcllt die Anforderungen f\u00fcr F\u00f6rdermittel der Kreditanstalt f\u00fcr Wiederaufbau!<br \/>\nDie Alarmanlage muss die Anforderungen des europ\u00e4ischen Standards EN50131 Grad 2 oder besser erf\u00fcllen.<\/p>\n","protected":false},"excerpt":{"rendered":"<p>SECUR Sicherheitssysteme Wir sind mit &#8222;SICHERHEIT&#8220; f\u00fcr Sie da&#8230; SECUR Sicherheitssysteme ist Ihr kompetenter Berater und Dienstleister f\u00fcr Einbruchmeldeanlagen, Video\u00fcberwachung und Zutrittskontrollsysteme. Ob Privathaus, Wohnung oder Arztpraxis, Fabrikgel\u00e4nde oder B\u00fcrogeb\u00e4ude, ob Baustelle oder Au\u00dfenlager. Wir sichern jedes private wie gewerbliche Objekt wirkungsvoll gegen Einbr\u00fcche, Diebst\u00e4hle &hellip; <a href=\"https:\/\/sec-ur.de\/index.php\/uber-uns\/\" class=\"more-link\"><span>Continue reading<span class=\"screen-reader-text\">\u00dcBER UNS<\/span><\/span><\/a><\/p>\n","protected":false},"author":1,"featured_media":0,"parent":0,"menu_order":1,"comment_status":"closed","ping_status":"closed","template":"","meta":{"footnotes":""},"class_list":["post-24","page","type-page","status-publish","hentry"],"yoast_head":"<!-- This site is optimized with the Yoast SEO plugin v26.4 - https:\/\/yoast.com\/wordpress\/plugins\/seo\/ -->\n<title>SECUR Sicherheitssysteme ihr Sicherheitspartner in 63225 Langen<\/title>\n<meta name=\"description\" content=\"SECUR Sicherheitssysteme ihr Service Partner in 63225 Langen bietet ihnen hochwertige Produkte plus die Beratung und den Service.\" \/>\n<meta name=\"robots\" content=\"index, follow, max-snippet:-1, max-image-preview:large, max-video-preview:-1\" \/>\n<link rel=\"canonical\" href=\"https:\/\/sec-ur.de\/index.php\/uber-uns\/\" \/>\n<meta property=\"og:locale\" content=\"de_DE\" \/>\n<meta property=\"og:type\" content=\"article\" \/>\n<meta property=\"og:title\" content=\"SECUR Sicherheitssysteme ihr Sicherheitspartner in 63225 Langen\" \/>\n<meta property=\"og:description\" content=\"SECUR Sicherheitssysteme ihr Service Partner in 63225 Langen bietet ihnen hochwertige Produkte plus die Beratung und den Service.\" \/>\n<meta property=\"og:url\" content=\"https:\/\/sec-ur.de\/index.php\/uber-uns\/\" \/>\n<meta property=\"og:site_name\" content=\"SECUR Sicherheitssysteme\" \/>\n<meta property=\"article:publisher\" content=\"https:\/\/www.facebook.com\/Secur-Sicherheitssysteme-1554370868186186\/?ref=bookmarks\" \/>\n<meta property=\"article:modified_time\" content=\"2019-03-06T10:45:19+00:00\" \/>\n<meta property=\"og:image\" content=\"http:\/\/sec-ur.de\/wp-content\/uploads\/2016\/07\/Man11-176x300.jpg\" \/>\n<meta name=\"twitter:card\" content=\"summary_large_image\" \/>\n<meta name=\"twitter:label1\" content=\"Gesch\u00e4tzte Lesezeit\" \/>\n\t<meta name=\"twitter:data1\" content=\"1\u00a0Minute\" \/>\n<script type=\"application\/ld+json\" class=\"yoast-schema-graph\">{\"@context\":\"https:\/\/schema.org\",\"@graph\":[{\"@type\":\"WebPage\",\"@id\":\"https:\/\/sec-ur.de\/index.php\/uber-uns\/\",\"url\":\"https:\/\/sec-ur.de\/index.php\/uber-uns\/\",\"name\":\"SECUR Sicherheitssysteme ihr Sicherheitspartner in 63225 Langen\",\"isPartOf\":{\"@id\":\"https:\/\/sec-ur.de\/#website\"},\"primaryImageOfPage\":{\"@id\":\"https:\/\/sec-ur.de\/index.php\/uber-uns\/#primaryimage\"},\"image\":{\"@id\":\"https:\/\/sec-ur.de\/index.php\/uber-uns\/#primaryimage\"},\"thumbnailUrl\":\"http:\/\/sec-ur.de\/wp-content\/uploads\/2016\/07\/Man11-176x300.jpg\",\"datePublished\":\"2016-07-19T19:50:24+00:00\",\"dateModified\":\"2019-03-06T10:45:19+00:00\",\"description\":\"SECUR Sicherheitssysteme ihr Service Partner in 63225 Langen bietet ihnen hochwertige Produkte plus die Beratung und den Service.\",\"breadcrumb\":{\"@id\":\"https:\/\/sec-ur.de\/index.php\/uber-uns\/#breadcrumb\"},\"inLanguage\":\"de\",\"potentialAction\":[{\"@type\":\"ReadAction\",\"target\":[\"https:\/\/sec-ur.de\/index.php\/uber-uns\/\"]}]},{\"@type\":\"ImageObject\",\"inLanguage\":\"de\",\"@id\":\"https:\/\/sec-ur.de\/index.php\/uber-uns\/#primaryimage\",\"url\":\"http:\/\/sec-ur.de\/wp-content\/uploads\/2016\/07\/Man11-176x300.jpg\",\"contentUrl\":\"http:\/\/sec-ur.de\/wp-content\/uploads\/2016\/07\/Man11-176x300.jpg\"},{\"@type\":\"BreadcrumbList\",\"@id\":\"https:\/\/sec-ur.de\/index.php\/uber-uns\/#breadcrumb\",\"itemListElement\":[{\"@type\":\"ListItem\",\"position\":1,\"name\":\"Startseite\",\"item\":\"https:\/\/sec-ur.de\/\"},{\"@type\":\"ListItem\",\"position\":2,\"name\":\"\u00dcBER UNS\"}]},{\"@type\":\"WebSite\",\"@id\":\"https:\/\/sec-ur.de\/#website\",\"url\":\"https:\/\/sec-ur.de\/\",\"name\":\"SECUR Sicherheitssysteme\",\"description\":\"Einbruchmeldeanlagen - Video\u00fcberwachung - Zutrittskontrolle - Notrufzentrale\",\"publisher\":{\"@id\":\"https:\/\/sec-ur.de\/#organization\"},\"potentialAction\":[{\"@type\":\"SearchAction\",\"target\":{\"@type\":\"EntryPoint\",\"urlTemplate\":\"https:\/\/sec-ur.de\/?s={search_term_string}\"},\"query-input\":{\"@type\":\"PropertyValueSpecification\",\"valueRequired\":true,\"valueName\":\"search_term_string\"}}],\"inLanguage\":\"de\"},{\"@type\":\"Organization\",\"@id\":\"https:\/\/sec-ur.de\/#organization\",\"name\":\"SECUR Sicherheitssysteme\",\"url\":\"https:\/\/sec-ur.de\/\",\"logo\":{\"@type\":\"ImageObject\",\"inLanguage\":\"de\",\"@id\":\"https:\/\/sec-ur.de\/#\/schema\/logo\/image\/\",\"url\":\"https:\/\/sec-ur.de\/wp-content\/uploads\/2016\/07\/Logo-neu.jpg\",\"contentUrl\":\"https:\/\/sec-ur.de\/wp-content\/uploads\/2016\/07\/Logo-neu.jpg\",\"width\":1754,\"height\":1240,\"caption\":\"SECUR Sicherheitssysteme\"},\"image\":{\"@id\":\"https:\/\/sec-ur.de\/#\/schema\/logo\/image\/\"},\"sameAs\":[\"https:\/\/www.facebook.com\/Secur-Sicherheitssysteme-1554370868186186\/?ref=bookmarks\",\"https:\/\/www.instagram.com\/secur_sicherheitssysteme\/\",\"https:\/\/www.youtube.com\/channel\/UCknQxP1HzaTWSoOg1NWqxrw\"]}]}<\/script>\n<!-- \/ Yoast SEO plugin. -->","yoast_head_json":{"title":"SECUR Sicherheitssysteme ihr Sicherheitspartner in 63225 Langen","description":"SECUR Sicherheitssysteme ihr Service Partner in 63225 Langen bietet ihnen hochwertige Produkte plus die Beratung und den Service.","robots":{"index":"index","follow":"follow","max-snippet":"max-snippet:-1","max-image-preview":"max-image-preview:large","max-video-preview":"max-video-preview:-1"},"canonical":"https:\/\/sec-ur.de\/index.php\/uber-uns\/","og_locale":"de_DE","og_type":"article","og_title":"SECUR Sicherheitssysteme ihr Sicherheitspartner in 63225 Langen","og_description":"SECUR Sicherheitssysteme ihr Service Partner in 63225 Langen bietet ihnen hochwertige Produkte plus die Beratung und den Service.","og_url":"https:\/\/sec-ur.de\/index.php\/uber-uns\/","og_site_name":"SECUR Sicherheitssysteme","article_publisher":"https:\/\/www.facebook.com\/Secur-Sicherheitssysteme-1554370868186186\/?ref=bookmarks","article_modified_time":"2019-03-06T10:45:19+00:00","og_image":[{"url":"http:\/\/sec-ur.de\/wp-content\/uploads\/2016\/07\/Man11-176x300.jpg","type":"","width":"","height":""}],"twitter_card":"summary_large_image","twitter_misc":{"Gesch\u00e4tzte Lesezeit":"1\u00a0Minute"},"schema":{"@context":"https:\/\/schema.org","@graph":[{"@type":"WebPage","@id":"https:\/\/sec-ur.de\/index.php\/uber-uns\/","url":"https:\/\/sec-ur.de\/index.php\/uber-uns\/","name":"SECUR Sicherheitssysteme ihr Sicherheitspartner in 63225 Langen","isPartOf":{"@id":"https:\/\/sec-ur.de\/#website"},"primaryImageOfPage":{"@id":"https:\/\/sec-ur.de\/index.php\/uber-uns\/#primaryimage"},"image":{"@id":"https:\/\/sec-ur.de\/index.php\/uber-uns\/#primaryimage"},"thumbnailUrl":"http:\/\/sec-ur.de\/wp-content\/uploads\/2016\/07\/Man11-176x300.jpg","datePublished":"2016-07-19T19:50:24+00:00","dateModified":"2019-03-06T10:45:19+00:00","description":"SECUR Sicherheitssysteme ihr Service Partner in 63225 Langen bietet ihnen hochwertige Produkte plus die Beratung und den Service.","breadcrumb":{"@id":"https:\/\/sec-ur.de\/index.php\/uber-uns\/#breadcrumb"},"inLanguage":"de","potentialAction":[{"@type":"ReadAction","target":["https:\/\/sec-ur.de\/index.php\/uber-uns\/"]}]},{"@type":"ImageObject","inLanguage":"de","@id":"https:\/\/sec-ur.de\/index.php\/uber-uns\/#primaryimage","url":"http:\/\/sec-ur.de\/wp-content\/uploads\/2016\/07\/Man11-176x300.jpg","contentUrl":"http:\/\/sec-ur.de\/wp-content\/uploads\/2016\/07\/Man11-176x300.jpg"},{"@type":"BreadcrumbList","@id":"https:\/\/sec-ur.de\/index.php\/uber-uns\/#breadcrumb","itemListElement":[{"@type":"ListItem","position":1,"name":"Startseite","item":"https:\/\/sec-ur.de\/"},{"@type":"ListItem","position":2,"name":"\u00dcBER UNS"}]},{"@type":"WebSite","@id":"https:\/\/sec-ur.de\/#website","url":"https:\/\/sec-ur.de\/","name":"SECUR Sicherheitssysteme","description":"Einbruchmeldeanlagen - Video\u00fcberwachung - Zutrittskontrolle - Notrufzentrale","publisher":{"@id":"https:\/\/sec-ur.de\/#organization"},"potentialAction":[{"@type":"SearchAction","target":{"@type":"EntryPoint","urlTemplate":"https:\/\/sec-ur.de\/?s={search_term_string}"},"query-input":{"@type":"PropertyValueSpecification","valueRequired":true,"valueName":"search_term_string"}}],"inLanguage":"de"},{"@type":"Organization","@id":"https:\/\/sec-ur.de\/#organization","name":"SECUR Sicherheitssysteme","url":"https:\/\/sec-ur.de\/","logo":{"@type":"ImageObject","inLanguage":"de","@id":"https:\/\/sec-ur.de\/#\/schema\/logo\/image\/","url":"https:\/\/sec-ur.de\/wp-content\/uploads\/2016\/07\/Logo-neu.jpg","contentUrl":"https:\/\/sec-ur.de\/wp-content\/uploads\/2016\/07\/Logo-neu.jpg","width":1754,"height":1240,"caption":"SECUR Sicherheitssysteme"},"image":{"@id":"https:\/\/sec-ur.de\/#\/schema\/logo\/image\/"},"sameAs":["https:\/\/www.facebook.com\/Secur-Sicherheitssysteme-1554370868186186\/?ref=bookmarks","https:\/\/www.instagram.com\/secur_sicherheitssysteme\/","https:\/\/www.youtube.com\/channel\/UCknQxP1HzaTWSoOg1NWqxrw"]}]}},"_links":{"self":[{"href":"https:\/\/sec-ur.de\/index.php\/wp-json\/wp\/v2\/pages\/24","targetHints":{"allow":["GET"]}}],"collection":[{"href":"https:\/\/sec-ur.de\/index.php\/wp-json\/wp\/v2\/pages"}],"about":[{"href":"https:\/\/sec-ur.de\/index.php\/wp-json\/wp\/v2\/types\/page"}],"author":[{"embeddable":true,"href":"https:\/\/sec-ur.de\/index.php\/wp-json\/wp\/v2\/users\/1"}],"replies":[{"embeddable":true,"href":"https:\/\/sec-ur.de\/index.php\/wp-json\/wp\/v2\/comments?post=24"}],"version-history":[{"count":23,"href":"https:\/\/sec-ur.de\/index.php\/wp-json\/wp\/v2\/pages\/24\/revisions"}],"predecessor-version":[{"id":729,"href":"https:\/\/sec-ur.de\/index.php\/wp-json\/wp\/v2\/pages\/24\/revisions\/729"}],"wp:attachment":[{"href":"https:\/\/sec-ur.de\/index.php\/wp-json\/wp\/v2\/media?parent=24"}],"curies":[{"name":"wp","href":"https:\/\/api.w.org\/{rel}","templated":true}]}}