{"id":43,"date":"2016-07-19T22:29:17","date_gmt":"2016-07-19T20:29:17","guid":{"rendered":"http:\/\/sec-ur.de\/homepage\/?page_id=43"},"modified":"2025-12-03T09:12:12","modified_gmt":"2025-12-03T08:12:12","slug":"einbruchmeldeanlagen","status":"publish","type":"page","link":"https:\/\/sec-ur.de\/index.php\/sicherheitssysteme\/einbruchmeldeanlagen\/","title":{"rendered":"EINBRUCHMELDEANLAGEN"},"content":{"rendered":"<p><img loading=\"lazy\" decoding=\"async\" class=\"wp-image-818 aligncenter\" src=\"https:\/\/sec-ur.de\/wp-content\/uploads\/2025\/11\/logo-ajax-authorized-reseller-de-bl-scaled.png\" alt=\"\" width=\"381\" height=\"192\" srcset=\"https:\/\/sec-ur.de\/wp-content\/uploads\/2025\/11\/logo-ajax-authorized-reseller-de-bl-scaled.png 2560w, https:\/\/sec-ur.de\/wp-content\/uploads\/2025\/11\/logo-ajax-authorized-reseller-de-bl-300x151.png 300w, https:\/\/sec-ur.de\/wp-content\/uploads\/2025\/11\/logo-ajax-authorized-reseller-de-bl-1024x515.png 1024w, https:\/\/sec-ur.de\/wp-content\/uploads\/2025\/11\/logo-ajax-authorized-reseller-de-bl-768x387.png 768w, https:\/\/sec-ur.de\/wp-content\/uploads\/2025\/11\/logo-ajax-authorized-reseller-de-bl-1536x773.png 1536w, https:\/\/sec-ur.de\/wp-content\/uploads\/2025\/11\/logo-ajax-authorized-reseller-de-bl-2048x1031.png 2048w, https:\/\/sec-ur.de\/wp-content\/uploads\/2025\/11\/logo-ajax-authorized-reseller-de-bl-1000x500.png 1000w, https:\/\/sec-ur.de\/wp-content\/uploads\/2025\/11\/logo-ajax-authorized-reseller-de-bl-1148x574.png 1148w\" sizes=\"auto, (max-width: 381px) 100vw, 381px\" \/><\/p>\n<p><img loading=\"lazy\" decoding=\"async\" class=\"alignnone size-full wp-image-829\" src=\"https:\/\/sec-ur.de\/wp-content\/uploads\/2025\/12\/ema.jpg\" alt=\"\" width=\"800\" height=\"450\" srcset=\"https:\/\/sec-ur.de\/wp-content\/uploads\/2025\/12\/ema.jpg 800w, https:\/\/sec-ur.de\/wp-content\/uploads\/2025\/12\/ema-300x169.jpg 300w, https:\/\/sec-ur.de\/wp-content\/uploads\/2025\/12\/ema-768x432.jpg 768w\" sizes=\"auto, (max-width: 800px) 100vw, 800px\" \/><\/p>\n<p><img loading=\"lazy\" decoding=\"async\" class=\"alignnone size-full wp-image-830\" src=\"https:\/\/sec-ur.de\/wp-content\/uploads\/2025\/12\/ajax.avif\" alt=\"\" width=\"800\" height=\"450\" srcset=\"https:\/\/sec-ur.de\/wp-content\/uploads\/2025\/12\/ajax.avif 800w, https:\/\/sec-ur.de\/wp-content\/uploads\/2025\/12\/ajax-300x169.avif 300w, https:\/\/sec-ur.de\/wp-content\/uploads\/2025\/12\/ajax-768x432.avif 768w\" sizes=\"auto, (max-width: 800px) 100vw, 800px\" \/><\/p>\n<p>Schlechte Zeiten f\u00fcr R\u00e4uber und Einbrecher.<br \/>\nOb im Verkaufsraum, im Lager, im B\u00fcro oder in anderen Bereichen. \u00dcberall gibt es besondere Werte, die vor Diebstahl gesch\u00fctzt werden m\u00fcssen. Dar\u00fcber hinaus geht es um den Schutz von Menschenleben. Wenn Sie mehr \u00fcber die Einbruch- und \u00dcberfallmeldesysteme im Besonderen &#8211; oder \u00fcber weitere Sicherheitssysteme &#8211; erfahren wollen, rufen Sie uns bitte einfach an. Gerne stimmen wir mit Ihnen einen Termin f\u00fcr eine ausf\u00fchrliche Beratung ab. Von der Planung bis zur Wartung &#8222;Vielen Verbrauchern ist gar nicht bewusst, wie wichtig Einbruchschutz ist und welche Sicherheitstechnik die geeignete ist. Wohnungseinbr\u00fcche sind auch ein Risiko f\u00fcr die Seele, denn neben materiellen Sch\u00e4den verursachen sie schwere Eingriffe in die Privatsph\u00e4re des Opfers mit einem Verlust an Sicherheitsgef\u00fchl und vielleicht wertvollen, pers\u00f6nlichen Erinnerungsst\u00fccken.<\/p>\n<p><span style=\"color: #0000ff;\"><strong>Wir bieten Ihnen:<\/strong><\/span><\/p>\n<p>Funk Alarmsysteme<br \/>\n&#8211; Zuverl\u00e4ssige Technik<br \/>\n&#8211; einfache Montage<br \/>\n&#8211; Flexibilit\u00e4t<\/p>\n<p>Verkabelte Alarmsysteme<br \/>\n&#8211; Zuverl\u00e4ssige Technik<br \/>\n&#8211; komplexe Montage<br \/>\n&#8211; Gro\u00dffl\u00e4chige \u00dcberwachung<\/p>\n<p><strong>Das Ajax System Base-Line ist EN 50131 Grad 2 und die Superior-Line EN 50131 Grad 3 zertifiziert, dem von der Kriminalpolizei empfohlenen Sicherheitsstandard f\u00fcr Wohnungen &#8211; H\u00e4user &#8211; B\u00fcros &#8211; Einkaufszentren und wird von der Kreditanstalt f\u00fcr Wiederaufbau f\u00fcr Privatleute gef\u00f6rdert.<\/strong><\/p>\n","protected":false},"excerpt":{"rendered":"<p>Schlechte Zeiten f\u00fcr R\u00e4uber und Einbrecher. Ob im Verkaufsraum, im Lager, im B\u00fcro oder in anderen Bereichen. \u00dcberall gibt es besondere Werte, die vor Diebstahl gesch\u00fctzt werden m\u00fcssen. Dar\u00fcber hinaus geht es um den Schutz von Menschenleben. Wenn Sie mehr \u00fcber die Einbruch- und \u00dcberfallmeldesysteme &hellip; <a href=\"https:\/\/sec-ur.de\/index.php\/sicherheitssysteme\/einbruchmeldeanlagen\/\" class=\"more-link\"><span>Continue reading<span class=\"screen-reader-text\">EINBRUCHMELDEANLAGEN<\/span><\/span><\/a><\/p>\n","protected":false},"author":1,"featured_media":0,"parent":32,"menu_order":0,"comment_status":"closed","ping_status":"closed","template":"","meta":{"footnotes":""},"class_list":["post-43","page","type-page","status-publish","hentry"],"yoast_head":"<!-- This site is optimized with the Yoast SEO plugin v26.4 - https:\/\/yoast.com\/wordpress\/plugins\/seo\/ -->\n<title>Einbruchmeldeanlagen, Funk Alarmsysteme, Verkabelte Alarmsysteme<\/title>\n<meta name=\"description\" content=\"wir bieten Ihnen Einbruchmeldeanlagen Funk Alarmsysteme, Verkabelte Alarmsysteme mit und ohne Aufschaltung auf unsere Notrufzentrale.\" \/>\n<meta name=\"robots\" content=\"index, follow, max-snippet:-1, max-image-preview:large, max-video-preview:-1\" \/>\n<link rel=\"canonical\" href=\"https:\/\/sec-ur.de\/index.php\/sicherheitssysteme\/einbruchmeldeanlagen\/\" \/>\n<meta property=\"og:locale\" content=\"de_DE\" \/>\n<meta property=\"og:type\" content=\"article\" \/>\n<meta property=\"og:title\" content=\"Einbruchmeldeanlagen, Funk Alarmsysteme, Verkabelte Alarmsysteme\" \/>\n<meta property=\"og:description\" content=\"wir bieten Ihnen Einbruchmeldeanlagen Funk Alarmsysteme, Verkabelte Alarmsysteme mit und ohne Aufschaltung auf unsere Notrufzentrale.\" \/>\n<meta property=\"og:url\" content=\"https:\/\/sec-ur.de\/index.php\/sicherheitssysteme\/einbruchmeldeanlagen\/\" \/>\n<meta property=\"og:site_name\" content=\"SECUR Sicherheitssysteme\" \/>\n<meta property=\"article:publisher\" content=\"https:\/\/www.facebook.com\/Secur-Sicherheitssysteme-1554370868186186\/?ref=bookmarks\" \/>\n<meta property=\"article:modified_time\" content=\"2025-12-03T08:12:12+00:00\" \/>\n<meta property=\"og:image\" content=\"https:\/\/sec-ur.de\/wp-content\/uploads\/2025\/11\/logo-ajax-authorized-reseller-de-bl-scaled.png\" \/>\n\t<meta property=\"og:image:width\" content=\"2560\" \/>\n\t<meta property=\"og:image:height\" content=\"1289\" \/>\n\t<meta property=\"og:image:type\" content=\"image\/png\" \/>\n<meta name=\"twitter:card\" content=\"summary_large_image\" \/>\n<meta name=\"twitter:label1\" content=\"Gesch\u00e4tzte Lesezeit\" \/>\n\t<meta name=\"twitter:data1\" content=\"2\u00a0Minuten\" \/>\n<script type=\"application\/ld+json\" class=\"yoast-schema-graph\">{\"@context\":\"https:\/\/schema.org\",\"@graph\":[{\"@type\":\"WebPage\",\"@id\":\"https:\/\/sec-ur.de\/index.php\/sicherheitssysteme\/einbruchmeldeanlagen\/\",\"url\":\"https:\/\/sec-ur.de\/index.php\/sicherheitssysteme\/einbruchmeldeanlagen\/\",\"name\":\"Einbruchmeldeanlagen, Funk Alarmsysteme, Verkabelte Alarmsysteme\",\"isPartOf\":{\"@id\":\"https:\/\/sec-ur.de\/#website\"},\"primaryImageOfPage\":{\"@id\":\"https:\/\/sec-ur.de\/index.php\/sicherheitssysteme\/einbruchmeldeanlagen\/#primaryimage\"},\"image\":{\"@id\":\"https:\/\/sec-ur.de\/index.php\/sicherheitssysteme\/einbruchmeldeanlagen\/#primaryimage\"},\"thumbnailUrl\":\"https:\/\/sec-ur.de\/wp-content\/uploads\/2025\/11\/logo-ajax-authorized-reseller-de-bl-scaled.png\",\"datePublished\":\"2016-07-19T20:29:17+00:00\",\"dateModified\":\"2025-12-03T08:12:12+00:00\",\"description\":\"wir bieten Ihnen Einbruchmeldeanlagen Funk Alarmsysteme, Verkabelte Alarmsysteme mit und ohne Aufschaltung auf unsere Notrufzentrale.\",\"breadcrumb\":{\"@id\":\"https:\/\/sec-ur.de\/index.php\/sicherheitssysteme\/einbruchmeldeanlagen\/#breadcrumb\"},\"inLanguage\":\"de\",\"potentialAction\":[{\"@type\":\"ReadAction\",\"target\":[\"https:\/\/sec-ur.de\/index.php\/sicherheitssysteme\/einbruchmeldeanlagen\/\"]}]},{\"@type\":\"ImageObject\",\"inLanguage\":\"de\",\"@id\":\"https:\/\/sec-ur.de\/index.php\/sicherheitssysteme\/einbruchmeldeanlagen\/#primaryimage\",\"url\":\"https:\/\/sec-ur.de\/wp-content\/uploads\/2025\/11\/logo-ajax-authorized-reseller-de-bl-scaled.png\",\"contentUrl\":\"https:\/\/sec-ur.de\/wp-content\/uploads\/2025\/11\/logo-ajax-authorized-reseller-de-bl-scaled.png\",\"width\":2560,\"height\":1289},{\"@type\":\"BreadcrumbList\",\"@id\":\"https:\/\/sec-ur.de\/index.php\/sicherheitssysteme\/einbruchmeldeanlagen\/#breadcrumb\",\"itemListElement\":[{\"@type\":\"ListItem\",\"position\":1,\"name\":\"Startseite\",\"item\":\"https:\/\/sec-ur.de\/\"},{\"@type\":\"ListItem\",\"position\":2,\"name\":\"SICHERHEITSSYSTEME\",\"item\":\"https:\/\/sec-ur.de\/index.php\/sicherheitssysteme\/\"},{\"@type\":\"ListItem\",\"position\":3,\"name\":\"EINBRUCHMELDEANLAGEN\"}]},{\"@type\":\"WebSite\",\"@id\":\"https:\/\/sec-ur.de\/#website\",\"url\":\"https:\/\/sec-ur.de\/\",\"name\":\"SECUR Sicherheitssysteme\",\"description\":\"Einbruchmeldeanlagen - Video\u00fcberwachung - Zutrittskontrolle - Notrufzentrale\",\"publisher\":{\"@id\":\"https:\/\/sec-ur.de\/#organization\"},\"potentialAction\":[{\"@type\":\"SearchAction\",\"target\":{\"@type\":\"EntryPoint\",\"urlTemplate\":\"https:\/\/sec-ur.de\/?s={search_term_string}\"},\"query-input\":{\"@type\":\"PropertyValueSpecification\",\"valueRequired\":true,\"valueName\":\"search_term_string\"}}],\"inLanguage\":\"de\"},{\"@type\":\"Organization\",\"@id\":\"https:\/\/sec-ur.de\/#organization\",\"name\":\"SECUR Sicherheitssysteme\",\"url\":\"https:\/\/sec-ur.de\/\",\"logo\":{\"@type\":\"ImageObject\",\"inLanguage\":\"de\",\"@id\":\"https:\/\/sec-ur.de\/#\/schema\/logo\/image\/\",\"url\":\"https:\/\/sec-ur.de\/wp-content\/uploads\/2016\/07\/Logo-neu.jpg\",\"contentUrl\":\"https:\/\/sec-ur.de\/wp-content\/uploads\/2016\/07\/Logo-neu.jpg\",\"width\":1754,\"height\":1240,\"caption\":\"SECUR Sicherheitssysteme\"},\"image\":{\"@id\":\"https:\/\/sec-ur.de\/#\/schema\/logo\/image\/\"},\"sameAs\":[\"https:\/\/www.facebook.com\/Secur-Sicherheitssysteme-1554370868186186\/?ref=bookmarks\",\"https:\/\/www.instagram.com\/secur_sicherheitssysteme\/\",\"https:\/\/www.youtube.com\/channel\/UCknQxP1HzaTWSoOg1NWqxrw\"]}]}<\/script>\n<!-- \/ Yoast SEO plugin. -->","yoast_head_json":{"title":"Einbruchmeldeanlagen, Funk Alarmsysteme, Verkabelte Alarmsysteme","description":"wir bieten Ihnen Einbruchmeldeanlagen Funk Alarmsysteme, Verkabelte Alarmsysteme mit und ohne Aufschaltung auf unsere Notrufzentrale.","robots":{"index":"index","follow":"follow","max-snippet":"max-snippet:-1","max-image-preview":"max-image-preview:large","max-video-preview":"max-video-preview:-1"},"canonical":"https:\/\/sec-ur.de\/index.php\/sicherheitssysteme\/einbruchmeldeanlagen\/","og_locale":"de_DE","og_type":"article","og_title":"Einbruchmeldeanlagen, Funk Alarmsysteme, Verkabelte Alarmsysteme","og_description":"wir bieten Ihnen Einbruchmeldeanlagen Funk Alarmsysteme, Verkabelte Alarmsysteme mit und ohne Aufschaltung auf unsere Notrufzentrale.","og_url":"https:\/\/sec-ur.de\/index.php\/sicherheitssysteme\/einbruchmeldeanlagen\/","og_site_name":"SECUR Sicherheitssysteme","article_publisher":"https:\/\/www.facebook.com\/Secur-Sicherheitssysteme-1554370868186186\/?ref=bookmarks","article_modified_time":"2025-12-03T08:12:12+00:00","og_image":[{"width":2560,"height":1289,"url":"https:\/\/sec-ur.de\/wp-content\/uploads\/2025\/11\/logo-ajax-authorized-reseller-de-bl-scaled.png","type":"image\/png"}],"twitter_card":"summary_large_image","twitter_misc":{"Gesch\u00e4tzte Lesezeit":"2\u00a0Minuten"},"schema":{"@context":"https:\/\/schema.org","@graph":[{"@type":"WebPage","@id":"https:\/\/sec-ur.de\/index.php\/sicherheitssysteme\/einbruchmeldeanlagen\/","url":"https:\/\/sec-ur.de\/index.php\/sicherheitssysteme\/einbruchmeldeanlagen\/","name":"Einbruchmeldeanlagen, Funk Alarmsysteme, Verkabelte Alarmsysteme","isPartOf":{"@id":"https:\/\/sec-ur.de\/#website"},"primaryImageOfPage":{"@id":"https:\/\/sec-ur.de\/index.php\/sicherheitssysteme\/einbruchmeldeanlagen\/#primaryimage"},"image":{"@id":"https:\/\/sec-ur.de\/index.php\/sicherheitssysteme\/einbruchmeldeanlagen\/#primaryimage"},"thumbnailUrl":"https:\/\/sec-ur.de\/wp-content\/uploads\/2025\/11\/logo-ajax-authorized-reseller-de-bl-scaled.png","datePublished":"2016-07-19T20:29:17+00:00","dateModified":"2025-12-03T08:12:12+00:00","description":"wir bieten Ihnen Einbruchmeldeanlagen Funk Alarmsysteme, Verkabelte Alarmsysteme mit und ohne Aufschaltung auf unsere Notrufzentrale.","breadcrumb":{"@id":"https:\/\/sec-ur.de\/index.php\/sicherheitssysteme\/einbruchmeldeanlagen\/#breadcrumb"},"inLanguage":"de","potentialAction":[{"@type":"ReadAction","target":["https:\/\/sec-ur.de\/index.php\/sicherheitssysteme\/einbruchmeldeanlagen\/"]}]},{"@type":"ImageObject","inLanguage":"de","@id":"https:\/\/sec-ur.de\/index.php\/sicherheitssysteme\/einbruchmeldeanlagen\/#primaryimage","url":"https:\/\/sec-ur.de\/wp-content\/uploads\/2025\/11\/logo-ajax-authorized-reseller-de-bl-scaled.png","contentUrl":"https:\/\/sec-ur.de\/wp-content\/uploads\/2025\/11\/logo-ajax-authorized-reseller-de-bl-scaled.png","width":2560,"height":1289},{"@type":"BreadcrumbList","@id":"https:\/\/sec-ur.de\/index.php\/sicherheitssysteme\/einbruchmeldeanlagen\/#breadcrumb","itemListElement":[{"@type":"ListItem","position":1,"name":"Startseite","item":"https:\/\/sec-ur.de\/"},{"@type":"ListItem","position":2,"name":"SICHERHEITSSYSTEME","item":"https:\/\/sec-ur.de\/index.php\/sicherheitssysteme\/"},{"@type":"ListItem","position":3,"name":"EINBRUCHMELDEANLAGEN"}]},{"@type":"WebSite","@id":"https:\/\/sec-ur.de\/#website","url":"https:\/\/sec-ur.de\/","name":"SECUR Sicherheitssysteme","description":"Einbruchmeldeanlagen - Video\u00fcberwachung - Zutrittskontrolle - Notrufzentrale","publisher":{"@id":"https:\/\/sec-ur.de\/#organization"},"potentialAction":[{"@type":"SearchAction","target":{"@type":"EntryPoint","urlTemplate":"https:\/\/sec-ur.de\/?s={search_term_string}"},"query-input":{"@type":"PropertyValueSpecification","valueRequired":true,"valueName":"search_term_string"}}],"inLanguage":"de"},{"@type":"Organization","@id":"https:\/\/sec-ur.de\/#organization","name":"SECUR Sicherheitssysteme","url":"https:\/\/sec-ur.de\/","logo":{"@type":"ImageObject","inLanguage":"de","@id":"https:\/\/sec-ur.de\/#\/schema\/logo\/image\/","url":"https:\/\/sec-ur.de\/wp-content\/uploads\/2016\/07\/Logo-neu.jpg","contentUrl":"https:\/\/sec-ur.de\/wp-content\/uploads\/2016\/07\/Logo-neu.jpg","width":1754,"height":1240,"caption":"SECUR Sicherheitssysteme"},"image":{"@id":"https:\/\/sec-ur.de\/#\/schema\/logo\/image\/"},"sameAs":["https:\/\/www.facebook.com\/Secur-Sicherheitssysteme-1554370868186186\/?ref=bookmarks","https:\/\/www.instagram.com\/secur_sicherheitssysteme\/","https:\/\/www.youtube.com\/channel\/UCknQxP1HzaTWSoOg1NWqxrw"]}]}},"_links":{"self":[{"href":"https:\/\/sec-ur.de\/index.php\/wp-json\/wp\/v2\/pages\/43","targetHints":{"allow":["GET"]}}],"collection":[{"href":"https:\/\/sec-ur.de\/index.php\/wp-json\/wp\/v2\/pages"}],"about":[{"href":"https:\/\/sec-ur.de\/index.php\/wp-json\/wp\/v2\/types\/page"}],"author":[{"embeddable":true,"href":"https:\/\/sec-ur.de\/index.php\/wp-json\/wp\/v2\/users\/1"}],"replies":[{"embeddable":true,"href":"https:\/\/sec-ur.de\/index.php\/wp-json\/wp\/v2\/comments?post=43"}],"version-history":[{"count":14,"href":"https:\/\/sec-ur.de\/index.php\/wp-json\/wp\/v2\/pages\/43\/revisions"}],"predecessor-version":[{"id":834,"href":"https:\/\/sec-ur.de\/index.php\/wp-json\/wp\/v2\/pages\/43\/revisions\/834"}],"up":[{"embeddable":true,"href":"https:\/\/sec-ur.de\/index.php\/wp-json\/wp\/v2\/pages\/32"}],"wp:attachment":[{"href":"https:\/\/sec-ur.de\/index.php\/wp-json\/wp\/v2\/media?parent=43"}],"curies":[{"name":"wp","href":"https:\/\/api.w.org\/{rel}","templated":true}]}}