{"id":50,"date":"2016-07-19T22:48:31","date_gmt":"2016-07-19T20:48:31","guid":{"rendered":"http:\/\/sec-ur.de\/homepage\/?page_id=50"},"modified":"2018-10-18T11:47:44","modified_gmt":"2018-10-18T09:47:44","slug":"notrufzentrale","status":"publish","type":"page","link":"https:\/\/sec-ur.de\/index.php\/sicherheitssysteme\/notrufzentrale\/","title":{"rendered":"NOTRUFZENTRALE"},"content":{"rendered":"<h2><span style=\"font-size: 12pt;\"><img loading=\"lazy\" decoding=\"async\" class=\"aligncenter wp-image-51\" title=\"notrufzentrale\" src=\"http:\/\/sec-ur.de\/wp-content\/uploads\/2016\/07\/notrufzentrale-300x160.jpg\" alt=\"notrufzentrale\" width=\"376\" height=\"200\" \/><strong>Was ist eine Notrufleitstelle?<\/strong><\/span><\/h2>\n<p>In einer Notrufzentrale = Notruf- und Serviceleitstelle (kurz: NSL) werden Sprachmeldungen von automatischen W\u00e4hl- und Ansageger\u00e4ten (AWAG) und Protokolle von automatischen W\u00e4hl- und \u00dcbertragungsger\u00e4ten (AWUG) erfasst und vom in der Leitstelle angestellten Sicherheitspersonal verarbeitet. Im Ernstfall werden Interventionskr\u00e4fte verst\u00e4ndigt, beispielsweise Polizei oder Feuerwehr.<\/p>\n<h2><strong><span style=\"font-size: 12pt;\">Besonders sichere \u00dcberwachung durch Notrufzentralen<\/span><\/strong><\/h2>\n<p>In Deutschland d\u00fcrfen Gefahrenmeldeanlagen nicht direkt zu Polizei oder Feuerwehr aufgeschaltet werden. Wenn Sie Unternehmenswerte besonders sicher rund um die Uhr sch\u00fctzen m\u00f6chten, empfiehlt sich die Aufschaltung Ihrer Alarm- und Video\u00fcberwachungsanlage an eine 24h-Notruf-Leitstelle. Deren Mitarbeiter k\u00f6nnen komplexe Situationen beurteilen und geeignete Schutz- oder Rettungsma\u00dfnahmen in die Wege leiten.<\/p>\n<h2><strong><span style=\"font-size: 12pt;\">Typische Leistungen von Notrufzentralen<\/span><\/strong><\/h2>\n<h3><span style=\"font-size: 12pt; font-family: 'Times New Roman';\">Aufschaltung von Alarmanlagen<\/span><\/h3>\n<p>Die Aufschaltung von Alarmanlagen ist von bestimmten Schadensversicherern vorgeschrieben, um ein besonders schnelles Eingreifen im Alarmfall sicherzustellen. Auch wenn die Versicherung keine Aufschaltung vorschreibt, kann die Aufschaltung zu einer Notrufleitstelle f\u00fcr ein Unternehmen sinnvoll sein.<\/p>\n<h3><span style=\"font-size: 12pt; font-family: 'Times New Roman';\">Aufschaltung von Video\u00fcberwachungen (Videofern\u00fcberwachung)<\/span><\/h3>\n<p>Die Videofern\u00fcberwachung durch eine Notrufzentrale erm\u00f6glicht die direkte, visuelle \u00dcberpr\u00fcfung von Objekten. Bereits beim Verdacht einer Gef\u00e4hrdung kann von der Leitstelle aus eine ad\u00e4quate Abwehrreaktion ausgel\u00f6st werden.<\/p>\n<h3><span style=\"font-size: 12pt; font-family: 'Times New Roman';\">Funktionskontrolle technischer Anlagen<\/span><\/h3>\n<p>Ein weiterer Service von Notrufleitstellen ist die Fernkontrolle von technischen Einrichtungen wie K\u00fchlanlagen, Heizungssysteme oder Aufz\u00fcge, deren Ausfall kritische Folgen hat und Menschen gef\u00e4hrdet.<\/p>\n","protected":false},"excerpt":{"rendered":"<p>Was ist eine Notrufleitstelle? In einer Notrufzentrale = Notruf- und Serviceleitstelle (kurz: NSL) werden Sprachmeldungen von automatischen W\u00e4hl- und Ansageger\u00e4ten (AWAG) und Protokolle von automatischen W\u00e4hl- und \u00dcbertragungsger\u00e4ten (AWUG) erfasst und vom in der Leitstelle angestellten Sicherheitspersonal verarbeitet. Im Ernstfall werden Interventionskr\u00e4fte verst\u00e4ndigt, beispielsweise Polizei &hellip; <a href=\"https:\/\/sec-ur.de\/index.php\/sicherheitssysteme\/notrufzentrale\/\" class=\"more-link\"><span>Continue reading<span class=\"screen-reader-text\">NOTRUFZENTRALE<\/span><\/span><\/a><\/p>\n","protected":false},"author":1,"featured_media":0,"parent":32,"menu_order":0,"comment_status":"closed","ping_status":"closed","template":"","meta":{"footnotes":""},"class_list":["post-50","page","type-page","status-publish","hentry"],"yoast_head":"<!-- This site is optimized with the Yoast SEO plugin v26.4 - https:\/\/yoast.com\/wordpress\/plugins\/seo\/ -->\n<title>NOTRUFZENTRALE &#8226; SECUR Sicherheitssysteme<\/title>\n<meta name=\"description\" content=\"In einer Notrufzentrale werden Protokolle \u00dcbertragungsger\u00e4ten erfasst und vom in der Leitstelle angestellten Sicherheitspersonal verarbeitet.\" \/>\n<meta name=\"robots\" content=\"index, follow, max-snippet:-1, max-image-preview:large, max-video-preview:-1\" \/>\n<link rel=\"canonical\" href=\"https:\/\/sec-ur.de\/index.php\/sicherheitssysteme\/notrufzentrale\/\" \/>\n<meta property=\"og:locale\" content=\"de_DE\" \/>\n<meta property=\"og:type\" content=\"article\" \/>\n<meta property=\"og:title\" content=\"NOTRUFZENTRALE &#8226; SECUR Sicherheitssysteme\" \/>\n<meta property=\"og:description\" content=\"In einer Notrufzentrale werden Protokolle \u00dcbertragungsger\u00e4ten erfasst und vom in der Leitstelle angestellten Sicherheitspersonal verarbeitet.\" \/>\n<meta property=\"og:url\" content=\"https:\/\/sec-ur.de\/index.php\/sicherheitssysteme\/notrufzentrale\/\" \/>\n<meta property=\"og:site_name\" content=\"SECUR Sicherheitssysteme\" \/>\n<meta property=\"article:publisher\" content=\"https:\/\/www.facebook.com\/Secur-Sicherheitssysteme-1554370868186186\/?ref=bookmarks\" \/>\n<meta property=\"article:modified_time\" content=\"2018-10-18T09:47:44+00:00\" \/>\n<meta property=\"og:image\" content=\"http:\/\/sec-ur.de\/wp-content\/uploads\/2016\/07\/notrufzentrale-300x160.jpg\" \/>\n<meta name=\"twitter:card\" content=\"summary_large_image\" \/>\n<meta name=\"twitter:label1\" content=\"Gesch\u00e4tzte Lesezeit\" \/>\n\t<meta name=\"twitter:data1\" content=\"1\u00a0Minute\" \/>\n<script type=\"application\/ld+json\" class=\"yoast-schema-graph\">{\"@context\":\"https:\/\/schema.org\",\"@graph\":[{\"@type\":\"WebPage\",\"@id\":\"https:\/\/sec-ur.de\/index.php\/sicherheitssysteme\/notrufzentrale\/\",\"url\":\"https:\/\/sec-ur.de\/index.php\/sicherheitssysteme\/notrufzentrale\/\",\"name\":\"NOTRUFZENTRALE &#8226; SECUR Sicherheitssysteme\",\"isPartOf\":{\"@id\":\"https:\/\/sec-ur.de\/#website\"},\"primaryImageOfPage\":{\"@id\":\"https:\/\/sec-ur.de\/index.php\/sicherheitssysteme\/notrufzentrale\/#primaryimage\"},\"image\":{\"@id\":\"https:\/\/sec-ur.de\/index.php\/sicherheitssysteme\/notrufzentrale\/#primaryimage\"},\"thumbnailUrl\":\"http:\/\/sec-ur.de\/wp-content\/uploads\/2016\/07\/notrufzentrale-300x160.jpg\",\"datePublished\":\"2016-07-19T20:48:31+00:00\",\"dateModified\":\"2018-10-18T09:47:44+00:00\",\"description\":\"In einer Notrufzentrale werden Protokolle \u00dcbertragungsger\u00e4ten erfasst und vom in der Leitstelle angestellten Sicherheitspersonal verarbeitet.\",\"breadcrumb\":{\"@id\":\"https:\/\/sec-ur.de\/index.php\/sicherheitssysteme\/notrufzentrale\/#breadcrumb\"},\"inLanguage\":\"de\",\"potentialAction\":[{\"@type\":\"ReadAction\",\"target\":[\"https:\/\/sec-ur.de\/index.php\/sicherheitssysteme\/notrufzentrale\/\"]}]},{\"@type\":\"ImageObject\",\"inLanguage\":\"de\",\"@id\":\"https:\/\/sec-ur.de\/index.php\/sicherheitssysteme\/notrufzentrale\/#primaryimage\",\"url\":\"http:\/\/sec-ur.de\/wp-content\/uploads\/2016\/07\/notrufzentrale-300x160.jpg\",\"contentUrl\":\"http:\/\/sec-ur.de\/wp-content\/uploads\/2016\/07\/notrufzentrale-300x160.jpg\"},{\"@type\":\"BreadcrumbList\",\"@id\":\"https:\/\/sec-ur.de\/index.php\/sicherheitssysteme\/notrufzentrale\/#breadcrumb\",\"itemListElement\":[{\"@type\":\"ListItem\",\"position\":1,\"name\":\"Startseite\",\"item\":\"https:\/\/sec-ur.de\/\"},{\"@type\":\"ListItem\",\"position\":2,\"name\":\"SICHERHEITSSYSTEME\",\"item\":\"https:\/\/sec-ur.de\/index.php\/sicherheitssysteme\/\"},{\"@type\":\"ListItem\",\"position\":3,\"name\":\"NOTRUFZENTRALE\"}]},{\"@type\":\"WebSite\",\"@id\":\"https:\/\/sec-ur.de\/#website\",\"url\":\"https:\/\/sec-ur.de\/\",\"name\":\"SECUR Sicherheitssysteme\",\"description\":\"Einbruchmeldeanlagen - Video\u00fcberwachung - Zutrittskontrolle - Notrufzentrale\",\"publisher\":{\"@id\":\"https:\/\/sec-ur.de\/#organization\"},\"potentialAction\":[{\"@type\":\"SearchAction\",\"target\":{\"@type\":\"EntryPoint\",\"urlTemplate\":\"https:\/\/sec-ur.de\/?s={search_term_string}\"},\"query-input\":{\"@type\":\"PropertyValueSpecification\",\"valueRequired\":true,\"valueName\":\"search_term_string\"}}],\"inLanguage\":\"de\"},{\"@type\":\"Organization\",\"@id\":\"https:\/\/sec-ur.de\/#organization\",\"name\":\"SECUR Sicherheitssysteme\",\"url\":\"https:\/\/sec-ur.de\/\",\"logo\":{\"@type\":\"ImageObject\",\"inLanguage\":\"de\",\"@id\":\"https:\/\/sec-ur.de\/#\/schema\/logo\/image\/\",\"url\":\"https:\/\/sec-ur.de\/wp-content\/uploads\/2016\/07\/Logo-neu.jpg\",\"contentUrl\":\"https:\/\/sec-ur.de\/wp-content\/uploads\/2016\/07\/Logo-neu.jpg\",\"width\":1754,\"height\":1240,\"caption\":\"SECUR Sicherheitssysteme\"},\"image\":{\"@id\":\"https:\/\/sec-ur.de\/#\/schema\/logo\/image\/\"},\"sameAs\":[\"https:\/\/www.facebook.com\/Secur-Sicherheitssysteme-1554370868186186\/?ref=bookmarks\",\"https:\/\/www.instagram.com\/secur_sicherheitssysteme\/\",\"https:\/\/www.youtube.com\/channel\/UCknQxP1HzaTWSoOg1NWqxrw\"]}]}<\/script>\n<!-- \/ Yoast SEO plugin. -->","yoast_head_json":{"title":"NOTRUFZENTRALE &#8226; SECUR Sicherheitssysteme","description":"In einer Notrufzentrale werden Protokolle \u00dcbertragungsger\u00e4ten erfasst und vom in der Leitstelle angestellten Sicherheitspersonal verarbeitet.","robots":{"index":"index","follow":"follow","max-snippet":"max-snippet:-1","max-image-preview":"max-image-preview:large","max-video-preview":"max-video-preview:-1"},"canonical":"https:\/\/sec-ur.de\/index.php\/sicherheitssysteme\/notrufzentrale\/","og_locale":"de_DE","og_type":"article","og_title":"NOTRUFZENTRALE &#8226; SECUR Sicherheitssysteme","og_description":"In einer Notrufzentrale werden Protokolle \u00dcbertragungsger\u00e4ten erfasst und vom in der Leitstelle angestellten Sicherheitspersonal verarbeitet.","og_url":"https:\/\/sec-ur.de\/index.php\/sicherheitssysteme\/notrufzentrale\/","og_site_name":"SECUR Sicherheitssysteme","article_publisher":"https:\/\/www.facebook.com\/Secur-Sicherheitssysteme-1554370868186186\/?ref=bookmarks","article_modified_time":"2018-10-18T09:47:44+00:00","og_image":[{"url":"http:\/\/sec-ur.de\/wp-content\/uploads\/2016\/07\/notrufzentrale-300x160.jpg","type":"","width":"","height":""}],"twitter_card":"summary_large_image","twitter_misc":{"Gesch\u00e4tzte Lesezeit":"1\u00a0Minute"},"schema":{"@context":"https:\/\/schema.org","@graph":[{"@type":"WebPage","@id":"https:\/\/sec-ur.de\/index.php\/sicherheitssysteme\/notrufzentrale\/","url":"https:\/\/sec-ur.de\/index.php\/sicherheitssysteme\/notrufzentrale\/","name":"NOTRUFZENTRALE &#8226; SECUR Sicherheitssysteme","isPartOf":{"@id":"https:\/\/sec-ur.de\/#website"},"primaryImageOfPage":{"@id":"https:\/\/sec-ur.de\/index.php\/sicherheitssysteme\/notrufzentrale\/#primaryimage"},"image":{"@id":"https:\/\/sec-ur.de\/index.php\/sicherheitssysteme\/notrufzentrale\/#primaryimage"},"thumbnailUrl":"http:\/\/sec-ur.de\/wp-content\/uploads\/2016\/07\/notrufzentrale-300x160.jpg","datePublished":"2016-07-19T20:48:31+00:00","dateModified":"2018-10-18T09:47:44+00:00","description":"In einer Notrufzentrale werden Protokolle \u00dcbertragungsger\u00e4ten erfasst und vom in der Leitstelle angestellten Sicherheitspersonal verarbeitet.","breadcrumb":{"@id":"https:\/\/sec-ur.de\/index.php\/sicherheitssysteme\/notrufzentrale\/#breadcrumb"},"inLanguage":"de","potentialAction":[{"@type":"ReadAction","target":["https:\/\/sec-ur.de\/index.php\/sicherheitssysteme\/notrufzentrale\/"]}]},{"@type":"ImageObject","inLanguage":"de","@id":"https:\/\/sec-ur.de\/index.php\/sicherheitssysteme\/notrufzentrale\/#primaryimage","url":"http:\/\/sec-ur.de\/wp-content\/uploads\/2016\/07\/notrufzentrale-300x160.jpg","contentUrl":"http:\/\/sec-ur.de\/wp-content\/uploads\/2016\/07\/notrufzentrale-300x160.jpg"},{"@type":"BreadcrumbList","@id":"https:\/\/sec-ur.de\/index.php\/sicherheitssysteme\/notrufzentrale\/#breadcrumb","itemListElement":[{"@type":"ListItem","position":1,"name":"Startseite","item":"https:\/\/sec-ur.de\/"},{"@type":"ListItem","position":2,"name":"SICHERHEITSSYSTEME","item":"https:\/\/sec-ur.de\/index.php\/sicherheitssysteme\/"},{"@type":"ListItem","position":3,"name":"NOTRUFZENTRALE"}]},{"@type":"WebSite","@id":"https:\/\/sec-ur.de\/#website","url":"https:\/\/sec-ur.de\/","name":"SECUR Sicherheitssysteme","description":"Einbruchmeldeanlagen - Video\u00fcberwachung - Zutrittskontrolle - Notrufzentrale","publisher":{"@id":"https:\/\/sec-ur.de\/#organization"},"potentialAction":[{"@type":"SearchAction","target":{"@type":"EntryPoint","urlTemplate":"https:\/\/sec-ur.de\/?s={search_term_string}"},"query-input":{"@type":"PropertyValueSpecification","valueRequired":true,"valueName":"search_term_string"}}],"inLanguage":"de"},{"@type":"Organization","@id":"https:\/\/sec-ur.de\/#organization","name":"SECUR Sicherheitssysteme","url":"https:\/\/sec-ur.de\/","logo":{"@type":"ImageObject","inLanguage":"de","@id":"https:\/\/sec-ur.de\/#\/schema\/logo\/image\/","url":"https:\/\/sec-ur.de\/wp-content\/uploads\/2016\/07\/Logo-neu.jpg","contentUrl":"https:\/\/sec-ur.de\/wp-content\/uploads\/2016\/07\/Logo-neu.jpg","width":1754,"height":1240,"caption":"SECUR Sicherheitssysteme"},"image":{"@id":"https:\/\/sec-ur.de\/#\/schema\/logo\/image\/"},"sameAs":["https:\/\/www.facebook.com\/Secur-Sicherheitssysteme-1554370868186186\/?ref=bookmarks","https:\/\/www.instagram.com\/secur_sicherheitssysteme\/","https:\/\/www.youtube.com\/channel\/UCknQxP1HzaTWSoOg1NWqxrw"]}]}},"_links":{"self":[{"href":"https:\/\/sec-ur.de\/index.php\/wp-json\/wp\/v2\/pages\/50","targetHints":{"allow":["GET"]}}],"collection":[{"href":"https:\/\/sec-ur.de\/index.php\/wp-json\/wp\/v2\/pages"}],"about":[{"href":"https:\/\/sec-ur.de\/index.php\/wp-json\/wp\/v2\/types\/page"}],"author":[{"embeddable":true,"href":"https:\/\/sec-ur.de\/index.php\/wp-json\/wp\/v2\/users\/1"}],"replies":[{"embeddable":true,"href":"https:\/\/sec-ur.de\/index.php\/wp-json\/wp\/v2\/comments?post=50"}],"version-history":[{"count":13,"href":"https:\/\/sec-ur.de\/index.php\/wp-json\/wp\/v2\/pages\/50\/revisions"}],"predecessor-version":[{"id":559,"href":"https:\/\/sec-ur.de\/index.php\/wp-json\/wp\/v2\/pages\/50\/revisions\/559"}],"up":[{"embeddable":true,"href":"https:\/\/sec-ur.de\/index.php\/wp-json\/wp\/v2\/pages\/32"}],"wp:attachment":[{"href":"https:\/\/sec-ur.de\/index.php\/wp-json\/wp\/v2\/media?parent=50"}],"curies":[{"name":"wp","href":"https:\/\/api.w.org\/{rel}","templated":true}]}}