{"id":58,"date":"2016-07-19T22:52:23","date_gmt":"2016-07-19T20:52:23","guid":{"rendered":"http:\/\/sec-ur.de\/homepage\/?page_id=58"},"modified":"2017-04-03T15:33:40","modified_gmt":"2017-04-03T13:33:40","slug":"referenzen","status":"publish","type":"page","link":"https:\/\/sec-ur.de\/index.php\/wartung-service\/referenzen\/","title":{"rendered":"REFERENZEN"},"content":{"rendered":"<p><img loading=\"lazy\" decoding=\"async\" class=\"aligncenter wp-image-330\" title=\"referenzen\" src=\"http:\/\/sec-ur.de\/wp-content\/uploads\/2016\/07\/Referenzen.jpg\" alt=\"referenzen\" width=\"168\" height=\"196\" \/><\/p>\n<h2 style=\"text-align: center;\"><span style=\"color: #0000ff;\">Referenzen<\/span><\/h2>\n<p>Aus verst\u00e4ndlichen Gr\u00fcnden f\u00fchlen wir uns verpflichtet die sicherheitstechnischen Einrichtungen unserer Kunden nicht zu ver\u00f6ffentlichen.<\/p>\n<p>Zu unseren Kunden z\u00e4hlen u.a. mit Video\u00fcberwachungssystemen, Alarmanlagen, Tresoren und Zutrittskontrolle:<\/p>\n<p>Einzelhandelsketten<br \/>\nTankstellen<br \/>\n\u00d6ffentliche Einrichtungen<br \/>\nAutoh\u00e4user<br \/>\nSpielhallen<br \/>\nTextilgro\u00dfh\u00e4ndler<br \/>\nPrivat Haushalte<br \/>\nHandwerksbetriebe<br \/>\nLadengesch\u00e4fte<br \/>\nMobilfunkshops<br \/>\nB\u00e4ckereien<br \/>\nTiefgaragen-\u00dcberwachungen<br \/>\nKonsulate<br \/>\nHotels<\/p>\n<p>F\u00fcr Interessenten organisieren wir jedoch gerne, nach R\u00fccksprache mit unserem Kunden, einen Referenztermin.<\/p>\n","protected":false},"excerpt":{"rendered":"<p>Referenzen Aus verst\u00e4ndlichen Gr\u00fcnden f\u00fchlen wir uns verpflichtet die sicherheitstechnischen Einrichtungen unserer Kunden nicht zu ver\u00f6ffentlichen. Zu unseren Kunden z\u00e4hlen u.a. mit Video\u00fcberwachungssystemen, Alarmanlagen, Tresoren und Zutrittskontrolle: Einzelhandelsketten Tankstellen \u00d6ffentliche Einrichtungen Autoh\u00e4user Spielhallen Textilgro\u00dfh\u00e4ndler Privat Haushalte Handwerksbetriebe Ladengesch\u00e4fte Mobilfunkshops B\u00e4ckereien Tiefgaragen-\u00dcberwachungen Konsulate Hotels F\u00fcr Interessenten &hellip; <a href=\"https:\/\/sec-ur.de\/index.php\/wartung-service\/referenzen\/\" class=\"more-link\"><span>Continue reading<span class=\"screen-reader-text\">REFERENZEN<\/span><\/span><\/a><\/p>\n","protected":false},"author":1,"featured_media":0,"parent":35,"menu_order":0,"comment_status":"closed","ping_status":"closed","template":"page-full-width.php","meta":{"footnotes":""},"class_list":["post-58","page","type-page","status-publish","hentry"],"yoast_head":"<!-- This site is optimized with the Yoast SEO plugin v26.4 - https:\/\/yoast.com\/wordpress\/plugins\/seo\/ -->\n<title>Referenzen Aus verst\u00e4ndlichen Gr\u00fcnden f\u00fchlen wir uns verpflichtet die sicherheitstechnischen Einrichtungen unserer Kunden nicht zu ver\u00f6ffentlichen.<\/title>\n<meta name=\"description\" content=\"Referenzen Aus verst\u00e4ndlichen Gr\u00fcnden f\u00fchlen wir uns verpflichtet die sicherheitstechnischen Einrichtungen unserer Kunden nicht zu ver\u00f6ffentlichen.\" \/>\n<meta name=\"robots\" content=\"index, follow, max-snippet:-1, max-image-preview:large, max-video-preview:-1\" \/>\n<link rel=\"canonical\" href=\"https:\/\/sec-ur.de\/index.php\/wartung-service\/referenzen\/\" \/>\n<meta property=\"og:locale\" content=\"de_DE\" \/>\n<meta property=\"og:type\" content=\"article\" \/>\n<meta property=\"og:title\" content=\"Referenzen Aus verst\u00e4ndlichen Gr\u00fcnden f\u00fchlen wir uns verpflichtet die sicherheitstechnischen Einrichtungen unserer Kunden nicht zu ver\u00f6ffentlichen.\" \/>\n<meta property=\"og:description\" content=\"Referenzen Aus verst\u00e4ndlichen Gr\u00fcnden f\u00fchlen wir uns verpflichtet die sicherheitstechnischen Einrichtungen unserer Kunden nicht zu ver\u00f6ffentlichen.\" \/>\n<meta property=\"og:url\" content=\"https:\/\/sec-ur.de\/index.php\/wartung-service\/referenzen\/\" \/>\n<meta property=\"og:site_name\" content=\"SECUR Sicherheitssysteme\" \/>\n<meta property=\"article:publisher\" content=\"https:\/\/www.facebook.com\/Secur-Sicherheitssysteme-1554370868186186\/?ref=bookmarks\" \/>\n<meta property=\"article:modified_time\" content=\"2017-04-03T13:33:40+00:00\" \/>\n<meta property=\"og:image\" content=\"http:\/\/sec-ur.de\/wp-content\/uploads\/2016\/07\/Referenzen.jpg\" \/>\n<meta name=\"twitter:card\" content=\"summary_large_image\" \/>\n<script type=\"application\/ld+json\" class=\"yoast-schema-graph\">{\"@context\":\"https:\/\/schema.org\",\"@graph\":[{\"@type\":\"WebPage\",\"@id\":\"https:\/\/sec-ur.de\/index.php\/wartung-service\/referenzen\/\",\"url\":\"https:\/\/sec-ur.de\/index.php\/wartung-service\/referenzen\/\",\"name\":\"Referenzen Aus verst\u00e4ndlichen Gr\u00fcnden f\u00fchlen wir uns verpflichtet die sicherheitstechnischen Einrichtungen unserer Kunden nicht zu ver\u00f6ffentlichen.\",\"isPartOf\":{\"@id\":\"https:\/\/sec-ur.de\/#website\"},\"primaryImageOfPage\":{\"@id\":\"https:\/\/sec-ur.de\/index.php\/wartung-service\/referenzen\/#primaryimage\"},\"image\":{\"@id\":\"https:\/\/sec-ur.de\/index.php\/wartung-service\/referenzen\/#primaryimage\"},\"thumbnailUrl\":\"http:\/\/sec-ur.de\/wp-content\/uploads\/2016\/07\/Referenzen.jpg\",\"datePublished\":\"2016-07-19T20:52:23+00:00\",\"dateModified\":\"2017-04-03T13:33:40+00:00\",\"description\":\"Referenzen Aus verst\u00e4ndlichen Gr\u00fcnden f\u00fchlen wir uns verpflichtet die sicherheitstechnischen Einrichtungen unserer Kunden nicht zu ver\u00f6ffentlichen.\",\"breadcrumb\":{\"@id\":\"https:\/\/sec-ur.de\/index.php\/wartung-service\/referenzen\/#breadcrumb\"},\"inLanguage\":\"de\",\"potentialAction\":[{\"@type\":\"ReadAction\",\"target\":[\"https:\/\/sec-ur.de\/index.php\/wartung-service\/referenzen\/\"]}]},{\"@type\":\"ImageObject\",\"inLanguage\":\"de\",\"@id\":\"https:\/\/sec-ur.de\/index.php\/wartung-service\/referenzen\/#primaryimage\",\"url\":\"https:\/\/sec-ur.de\/wp-content\/uploads\/2016\/07\/Referenzen.jpg\",\"contentUrl\":\"https:\/\/sec-ur.de\/wp-content\/uploads\/2016\/07\/Referenzen.jpg\",\"width\":250,\"height\":292,\"caption\":\"3d small person with big positive symbol in hands . 3d image. Isolated white background.\"},{\"@type\":\"BreadcrumbList\",\"@id\":\"https:\/\/sec-ur.de\/index.php\/wartung-service\/referenzen\/#breadcrumb\",\"itemListElement\":[{\"@type\":\"ListItem\",\"position\":1,\"name\":\"Startseite\",\"item\":\"https:\/\/sec-ur.de\/\"},{\"@type\":\"ListItem\",\"position\":2,\"name\":\"SERVICE\",\"item\":\"https:\/\/sec-ur.de\/index.php\/wartung-service\/\"},{\"@type\":\"ListItem\",\"position\":3,\"name\":\"REFERENZEN\"}]},{\"@type\":\"WebSite\",\"@id\":\"https:\/\/sec-ur.de\/#website\",\"url\":\"https:\/\/sec-ur.de\/\",\"name\":\"SECUR Sicherheitssysteme\",\"description\":\"Einbruchmeldeanlagen - Video\u00fcberwachung - Zutrittskontrolle - Notrufzentrale\",\"publisher\":{\"@id\":\"https:\/\/sec-ur.de\/#organization\"},\"potentialAction\":[{\"@type\":\"SearchAction\",\"target\":{\"@type\":\"EntryPoint\",\"urlTemplate\":\"https:\/\/sec-ur.de\/?s={search_term_string}\"},\"query-input\":{\"@type\":\"PropertyValueSpecification\",\"valueRequired\":true,\"valueName\":\"search_term_string\"}}],\"inLanguage\":\"de\"},{\"@type\":\"Organization\",\"@id\":\"https:\/\/sec-ur.de\/#organization\",\"name\":\"SECUR Sicherheitssysteme\",\"url\":\"https:\/\/sec-ur.de\/\",\"logo\":{\"@type\":\"ImageObject\",\"inLanguage\":\"de\",\"@id\":\"https:\/\/sec-ur.de\/#\/schema\/logo\/image\/\",\"url\":\"https:\/\/sec-ur.de\/wp-content\/uploads\/2016\/07\/Logo-neu.jpg\",\"contentUrl\":\"https:\/\/sec-ur.de\/wp-content\/uploads\/2016\/07\/Logo-neu.jpg\",\"width\":1754,\"height\":1240,\"caption\":\"SECUR Sicherheitssysteme\"},\"image\":{\"@id\":\"https:\/\/sec-ur.de\/#\/schema\/logo\/image\/\"},\"sameAs\":[\"https:\/\/www.facebook.com\/Secur-Sicherheitssysteme-1554370868186186\/?ref=bookmarks\",\"https:\/\/www.instagram.com\/secur_sicherheitssysteme\/\",\"https:\/\/www.youtube.com\/channel\/UCknQxP1HzaTWSoOg1NWqxrw\"]}]}<\/script>\n<!-- \/ Yoast SEO plugin. -->","yoast_head_json":{"title":"Referenzen Aus verst\u00e4ndlichen Gr\u00fcnden f\u00fchlen wir uns verpflichtet die sicherheitstechnischen Einrichtungen unserer Kunden nicht zu ver\u00f6ffentlichen.","description":"Referenzen Aus verst\u00e4ndlichen Gr\u00fcnden f\u00fchlen wir uns verpflichtet die sicherheitstechnischen Einrichtungen unserer Kunden nicht zu ver\u00f6ffentlichen.","robots":{"index":"index","follow":"follow","max-snippet":"max-snippet:-1","max-image-preview":"max-image-preview:large","max-video-preview":"max-video-preview:-1"},"canonical":"https:\/\/sec-ur.de\/index.php\/wartung-service\/referenzen\/","og_locale":"de_DE","og_type":"article","og_title":"Referenzen Aus verst\u00e4ndlichen Gr\u00fcnden f\u00fchlen wir uns verpflichtet die sicherheitstechnischen Einrichtungen unserer Kunden nicht zu ver\u00f6ffentlichen.","og_description":"Referenzen Aus verst\u00e4ndlichen Gr\u00fcnden f\u00fchlen wir uns verpflichtet die sicherheitstechnischen Einrichtungen unserer Kunden nicht zu ver\u00f6ffentlichen.","og_url":"https:\/\/sec-ur.de\/index.php\/wartung-service\/referenzen\/","og_site_name":"SECUR Sicherheitssysteme","article_publisher":"https:\/\/www.facebook.com\/Secur-Sicherheitssysteme-1554370868186186\/?ref=bookmarks","article_modified_time":"2017-04-03T13:33:40+00:00","og_image":[{"url":"http:\/\/sec-ur.de\/wp-content\/uploads\/2016\/07\/Referenzen.jpg","type":"","width":"","height":""}],"twitter_card":"summary_large_image","schema":{"@context":"https:\/\/schema.org","@graph":[{"@type":"WebPage","@id":"https:\/\/sec-ur.de\/index.php\/wartung-service\/referenzen\/","url":"https:\/\/sec-ur.de\/index.php\/wartung-service\/referenzen\/","name":"Referenzen Aus verst\u00e4ndlichen Gr\u00fcnden f\u00fchlen wir uns verpflichtet die sicherheitstechnischen Einrichtungen unserer Kunden nicht zu ver\u00f6ffentlichen.","isPartOf":{"@id":"https:\/\/sec-ur.de\/#website"},"primaryImageOfPage":{"@id":"https:\/\/sec-ur.de\/index.php\/wartung-service\/referenzen\/#primaryimage"},"image":{"@id":"https:\/\/sec-ur.de\/index.php\/wartung-service\/referenzen\/#primaryimage"},"thumbnailUrl":"http:\/\/sec-ur.de\/wp-content\/uploads\/2016\/07\/Referenzen.jpg","datePublished":"2016-07-19T20:52:23+00:00","dateModified":"2017-04-03T13:33:40+00:00","description":"Referenzen Aus verst\u00e4ndlichen Gr\u00fcnden f\u00fchlen wir uns verpflichtet die sicherheitstechnischen Einrichtungen unserer Kunden nicht zu ver\u00f6ffentlichen.","breadcrumb":{"@id":"https:\/\/sec-ur.de\/index.php\/wartung-service\/referenzen\/#breadcrumb"},"inLanguage":"de","potentialAction":[{"@type":"ReadAction","target":["https:\/\/sec-ur.de\/index.php\/wartung-service\/referenzen\/"]}]},{"@type":"ImageObject","inLanguage":"de","@id":"https:\/\/sec-ur.de\/index.php\/wartung-service\/referenzen\/#primaryimage","url":"https:\/\/sec-ur.de\/wp-content\/uploads\/2016\/07\/Referenzen.jpg","contentUrl":"https:\/\/sec-ur.de\/wp-content\/uploads\/2016\/07\/Referenzen.jpg","width":250,"height":292,"caption":"3d small person with big positive symbol in hands . 3d image. Isolated white background."},{"@type":"BreadcrumbList","@id":"https:\/\/sec-ur.de\/index.php\/wartung-service\/referenzen\/#breadcrumb","itemListElement":[{"@type":"ListItem","position":1,"name":"Startseite","item":"https:\/\/sec-ur.de\/"},{"@type":"ListItem","position":2,"name":"SERVICE","item":"https:\/\/sec-ur.de\/index.php\/wartung-service\/"},{"@type":"ListItem","position":3,"name":"REFERENZEN"}]},{"@type":"WebSite","@id":"https:\/\/sec-ur.de\/#website","url":"https:\/\/sec-ur.de\/","name":"SECUR Sicherheitssysteme","description":"Einbruchmeldeanlagen - Video\u00fcberwachung - Zutrittskontrolle - Notrufzentrale","publisher":{"@id":"https:\/\/sec-ur.de\/#organization"},"potentialAction":[{"@type":"SearchAction","target":{"@type":"EntryPoint","urlTemplate":"https:\/\/sec-ur.de\/?s={search_term_string}"},"query-input":{"@type":"PropertyValueSpecification","valueRequired":true,"valueName":"search_term_string"}}],"inLanguage":"de"},{"@type":"Organization","@id":"https:\/\/sec-ur.de\/#organization","name":"SECUR Sicherheitssysteme","url":"https:\/\/sec-ur.de\/","logo":{"@type":"ImageObject","inLanguage":"de","@id":"https:\/\/sec-ur.de\/#\/schema\/logo\/image\/","url":"https:\/\/sec-ur.de\/wp-content\/uploads\/2016\/07\/Logo-neu.jpg","contentUrl":"https:\/\/sec-ur.de\/wp-content\/uploads\/2016\/07\/Logo-neu.jpg","width":1754,"height":1240,"caption":"SECUR Sicherheitssysteme"},"image":{"@id":"https:\/\/sec-ur.de\/#\/schema\/logo\/image\/"},"sameAs":["https:\/\/www.facebook.com\/Secur-Sicherheitssysteme-1554370868186186\/?ref=bookmarks","https:\/\/www.instagram.com\/secur_sicherheitssysteme\/","https:\/\/www.youtube.com\/channel\/UCknQxP1HzaTWSoOg1NWqxrw"]}]}},"_links":{"self":[{"href":"https:\/\/sec-ur.de\/index.php\/wp-json\/wp\/v2\/pages\/58","targetHints":{"allow":["GET"]}}],"collection":[{"href":"https:\/\/sec-ur.de\/index.php\/wp-json\/wp\/v2\/pages"}],"about":[{"href":"https:\/\/sec-ur.de\/index.php\/wp-json\/wp\/v2\/types\/page"}],"author":[{"embeddable":true,"href":"https:\/\/sec-ur.de\/index.php\/wp-json\/wp\/v2\/users\/1"}],"replies":[{"embeddable":true,"href":"https:\/\/sec-ur.de\/index.php\/wp-json\/wp\/v2\/comments?post=58"}],"version-history":[{"count":5,"href":"https:\/\/sec-ur.de\/index.php\/wp-json\/wp\/v2\/pages\/58\/revisions"}],"predecessor-version":[{"id":334,"href":"https:\/\/sec-ur.de\/index.php\/wp-json\/wp\/v2\/pages\/58\/revisions\/334"}],"up":[{"embeddable":true,"href":"https:\/\/sec-ur.de\/index.php\/wp-json\/wp\/v2\/pages\/35"}],"wp:attachment":[{"href":"https:\/\/sec-ur.de\/index.php\/wp-json\/wp\/v2\/media?parent=58"}],"curies":[{"name":"wp","href":"https:\/\/api.w.org\/{rel}","templated":true}]}}