{"id":580,"date":"2018-11-02T12:10:40","date_gmt":"2018-11-02T11:10:40","guid":{"rendered":"http:\/\/sec-ur.de\/?page_id=580"},"modified":"2025-01-30T12:11:34","modified_gmt":"2025-01-30T11:11:34","slug":"ajax-fibra-kabelgebunden","status":"publish","type":"page","link":"https:\/\/sec-ur.de\/index.php\/ajax-fibra-kabelgebunden\/","title":{"rendered":"AJAX FIBRA"},"content":{"rendered":"<p><strong>Ajax Fibra Technologie: kabelgebundene Revolution<img loading=\"lazy\" decoding=\"async\" class=\"wp-image-783 aligncenter\" src=\"https:\/\/sec-ur.de\/wp-content\/uploads\/2025\/01\/59090-Lifestyle-Ajax-KeyPad-Fibra-White_800x800-300x300.png\" alt=\"\" width=\"199\" height=\"199\" srcset=\"https:\/\/sec-ur.de\/wp-content\/uploads\/2025\/01\/59090-Lifestyle-Ajax-KeyPad-Fibra-White_800x800-300x300.png 300w, https:\/\/sec-ur.de\/wp-content\/uploads\/2025\/01\/59090-Lifestyle-Ajax-KeyPad-Fibra-White_800x800-150x150.png 150w, https:\/\/sec-ur.de\/wp-content\/uploads\/2025\/01\/59090-Lifestyle-Ajax-KeyPad-Fibra-White_800x800-768x768.png 768w, https:\/\/sec-ur.de\/wp-content\/uploads\/2025\/01\/59090-Lifestyle-Ajax-KeyPad-Fibra-White_800x800-450x450.png 450w, https:\/\/sec-ur.de\/wp-content\/uploads\/2025\/01\/59090-Lifestyle-Ajax-KeyPad-Fibra-White_800x800-600x600.png 600w, https:\/\/sec-ur.de\/wp-content\/uploads\/2025\/01\/59090-Lifestyle-Ajax-KeyPad-Fibra-White_800x800-533x533.png 533w, https:\/\/sec-ur.de\/wp-content\/uploads\/2025\/01\/59090-Lifestyle-Ajax-KeyPad-Fibra-White_800x800-640x640.png 640w, https:\/\/sec-ur.de\/wp-content\/uploads\/2025\/01\/59090-Lifestyle-Ajax-KeyPad-Fibra-White_800x800.png 800w\" sizes=\"auto, (max-width: 199px) 100vw, 199px\" \/> <\/strong><\/p>\n<p>Die Innovationen von Ajax haben ein neues Niveau erreicht. Im Kontrast zur Technologie der 80er Jahre, die immer noch in der Sicherheitsbranche anzutreffen ist, haben unsere Ingenieure Fibra entwickelt \u2013 eine kabelgebundene Technologie der digitalen Generation. Fibra vereint die Zuverl\u00e4ssigkeit von Kabeln mit der Freiheit der Funkverbindung. Ein normales vieradriges Kabel weist in Verbindung mit Fibra v\u00f6llig au\u00dfergew\u00f6hnliche Merkmale auf.<br \/>\nKonnektivit\u00e4t \u00fcber eine Entfernung bis zu 2000 Meter, Kompatibilit\u00e4t mit allen Ger\u00e4tetypen, 60 Stunden Betrieb eines Systems mit Reservebatterie, moderner Sabotageschutz, Fotobest\u00e4titung von Alarmen, m\u00fchelose Installation und Fernkonfiguration \u00fcber eine App \u2013 s\u00e4mtliche Funktionen des kabellosen Ajax Systems sind nun auch mit kabelgebundenen Ger\u00e4ten und Fibra verf\u00fcgbar.<\/p>\n<p><strong>Kabelloses Erlebnis mit einer Kabelverbindung<\/strong><\/p>\n<p>Auf physischer Ebene erscheint Fibra wie eine Busverbindung: Melder sind \u00fcber ein vieradriges Kabel mit einer Bedienkonsole verbunden. Die wirkliche Revolution ist jedoch auf Softwareebene verborgen. Das Fibra Kommunikationsprotokoll hat alle Vorteile der Jeweller Funktechnologie \u00fcbernommen \u2013 f\u00fcr die Zwei-Wege-Paketdaten\u00fcbertragung mit minimalem Leistungsverbrauch. Wenn das System installiert ist, bietet diese Funktion mehr Freiheit im Vergleich zu den marktg\u00e4ngigen analogen und digitalen L\u00f6sungen.<\/p>\n<p><strong>Au\u00dfergew\u00f6hnliche Energieeffizienz<\/strong><\/p>\n<p>Dank Fibra verbrauchen die Melder weniger als 0,4 W. Das ist zehnmal weniger als der branchen\u00fcbliche Durchschnitt von digitalen kabelgebundenen Meldern. Dieser niedrige Leistungsverbrauch erlaubt es, unter Verwendung einer einzelnen Leitung mehr Ger\u00e4te anzuschlie\u00dfen und l\u00e4ngere Kabelverbindungen zu verlegen. Dies ist auf die Logik des Protokolls zur\u00fcckzuf\u00fchren, das \u00fcber die wichtigsten Jeweller Funktionen verf\u00fcgt.<br \/>\nDie Fibra Kommunikation ist nach dem TDMA-Prinzip organisiert. Jedem Ger\u00e4t wird f\u00fcr den Datenaustausch mit einer Hub-Zentrale ein kurzes Zeitfenster zugeteilt. In der \u00fcbrigen Zeit sind die Kommunikationsmodule der Ger\u00e4te inaktiv. Dadurch wird der Stromverbrauch erheblich gesenkt und dazu beigetragen, St\u00f6rungen zu vermeiden, selbst dann, wenn mehrere Ger\u00e4te gleichzeitig kommunizieren. Selbst zehn an eine Leitung angeschlossene Fibra-Sirenen geben problemlos synchron ein akustisches Alarmsignal aus.<\/p>\n<p><strong>Fortschrittlicher Sabotageschutz<\/strong><\/p>\n<p>Zum Schutz der \u00fcbermittelten Daten verwendet Fibra Verschl\u00fcsselungsfunktionen und einen dynamischen Schl\u00fcssel. Hacken und unberechtigter Zugriff auf die Daten w\u00fcrde eine enorme Rechenleistung und einen riesigen Zeitaufwand erfordern. Mit anderen Worten: Es ist ein aussichtsloses Unterfangen. Aber auch auf verschl\u00fcsselte Daten muss noch zugegriffen werden k\u00f6nnen. Jede Kommunikationssitzung zwischen einer Hub-Zentrale und einem Ger\u00e4t beginnt mit einer Authentifizierung: eindeutige Marken und Eigenschaften werden verglichen. Wenn mindestens ein Parameter die Verifizierung nicht besteht, ignoriert die Hub-Zentrale die Ger\u00e4tebefehle. Daher ist es zwecklos, Daten zu manipulieren oder abzufangen.<br \/>\nEin Ajax System \u00fcberwacht st\u00e4ndig seinen Status: Eine Hub-Zentrale fragt die angeschlossene Ger\u00e4te mit der k\u00fcrzesten m\u00f6glichen Regelm\u00e4\u00dfigkeit ab, die automatisch vom System festgelegt wird. Die an jedem Ger\u00e4t anliegende Spannung wird \u00fcberwacht. Wenn die Leitung besch\u00e4digt ist und der Strom zu fallen beginnt, erhalten Sie ebenfalls eine Benachrichtigung. Das System erkennt sofort einen Kurzschluss in der Leitung und benachrichtigt die \u00dcberwachungszentrale und die Benutzer. Und nach der Behebung des Problems m\u00fcssen nicht die Sicherungen gewechselt werden: das System stellt den Betrieb automatisch wieder her.<\/p>\n<h6><strong>Dar\u00fcber hinaus stehen wir Ihnen mit unserem Service, w\u00e4hrend und nach der Installation stets zur Seite. <\/strong><strong>Sie k\u00f6nnen <a href=\"http:\/\/sec-ur.de\/index.php\/anfrageberatung\/\" target=\"_blank\" rel=\"noopener\">hier <\/a>gerne einen Beratungstermin mit uns vereinbaren.<\/strong><\/h6>\n","protected":false},"excerpt":{"rendered":"<p>Ajax Fibra Technologie: kabelgebundene Revolution Die Innovationen von Ajax haben ein neues Niveau erreicht. Im Kontrast zur Technologie der 80er Jahre, die immer noch in der Sicherheitsbranche anzutreffen ist, haben unsere Ingenieure Fibra entwickelt \u2013 eine kabelgebundene Technologie der digitalen Generation. Fibra vereint die Zuverl\u00e4ssigkeit &hellip; <a href=\"https:\/\/sec-ur.de\/index.php\/ajax-fibra-kabelgebunden\/\" class=\"more-link\"><span>Continue reading<span class=\"screen-reader-text\">AJAX FIBRA<\/span><\/span><\/a><\/p>\n","protected":false},"author":1,"featured_media":0,"parent":0,"menu_order":0,"comment_status":"closed","ping_status":"closed","template":"","meta":{"footnotes":""},"class_list":["post-580","page","type-page","status-publish","hentry"],"yoast_head":"<!-- This site is optimized with the Yoast SEO plugin v26.4 - https:\/\/yoast.com\/wordpress\/plugins\/seo\/ -->\n<title>AJAX FIBRA &#8226; SECUR Sicherheitssysteme<\/title>\n<meta name=\"description\" content=\"SECUR Sicherheitssysteme AJAX FIBRA &#8226; Mobile kabelgebundene alarmanlage, diebstahl, hoher schaden\" \/>\n<meta name=\"robots\" content=\"index, follow, max-snippet:-1, max-image-preview:large, max-video-preview:-1\" \/>\n<link rel=\"canonical\" href=\"https:\/\/sec-ur.de\/index.php\/ajax-fibra-kabelgebunden\/\" \/>\n<meta property=\"og:locale\" content=\"de_DE\" \/>\n<meta property=\"og:type\" content=\"article\" \/>\n<meta property=\"og:title\" content=\"AJAX FIBRA &#8226; SECUR Sicherheitssysteme\" \/>\n<meta property=\"og:description\" content=\"SECUR Sicherheitssysteme AJAX FIBRA &#8226; Mobile kabelgebundene alarmanlage, diebstahl, hoher schaden\" \/>\n<meta property=\"og:url\" content=\"https:\/\/sec-ur.de\/index.php\/ajax-fibra-kabelgebunden\/\" \/>\n<meta property=\"og:site_name\" content=\"SECUR Sicherheitssysteme\" \/>\n<meta property=\"article:publisher\" content=\"https:\/\/www.facebook.com\/Secur-Sicherheitssysteme-1554370868186186\/?ref=bookmarks\" \/>\n<meta property=\"article:modified_time\" content=\"2025-01-30T11:11:34+00:00\" \/>\n<meta property=\"og:image\" content=\"https:\/\/sec-ur.de\/wp-content\/uploads\/2025\/01\/59090-Lifestyle-Ajax-KeyPad-Fibra-White_800x800-300x300.png\" \/>\n<meta name=\"twitter:card\" content=\"summary_large_image\" \/>\n<meta name=\"twitter:label1\" content=\"Gesch\u00e4tzte Lesezeit\" \/>\n\t<meta name=\"twitter:data1\" content=\"3\u00a0Minuten\" \/>\n<script type=\"application\/ld+json\" class=\"yoast-schema-graph\">{\"@context\":\"https:\/\/schema.org\",\"@graph\":[{\"@type\":\"WebPage\",\"@id\":\"https:\/\/sec-ur.de\/index.php\/ajax-fibra-kabelgebunden\/\",\"url\":\"https:\/\/sec-ur.de\/index.php\/ajax-fibra-kabelgebunden\/\",\"name\":\"AJAX FIBRA &#8226; SECUR Sicherheitssysteme\",\"isPartOf\":{\"@id\":\"https:\/\/sec-ur.de\/#website\"},\"primaryImageOfPage\":{\"@id\":\"https:\/\/sec-ur.de\/index.php\/ajax-fibra-kabelgebunden\/#primaryimage\"},\"image\":{\"@id\":\"https:\/\/sec-ur.de\/index.php\/ajax-fibra-kabelgebunden\/#primaryimage\"},\"thumbnailUrl\":\"https:\/\/sec-ur.de\/wp-content\/uploads\/2025\/01\/59090-Lifestyle-Ajax-KeyPad-Fibra-White_800x800-300x300.png\",\"datePublished\":\"2018-11-02T11:10:40+00:00\",\"dateModified\":\"2025-01-30T11:11:34+00:00\",\"description\":\"SECUR Sicherheitssysteme AJAX FIBRA &#8226; Mobile kabelgebundene alarmanlage, diebstahl, hoher schaden\",\"breadcrumb\":{\"@id\":\"https:\/\/sec-ur.de\/index.php\/ajax-fibra-kabelgebunden\/#breadcrumb\"},\"inLanguage\":\"de\",\"potentialAction\":[{\"@type\":\"ReadAction\",\"target\":[\"https:\/\/sec-ur.de\/index.php\/ajax-fibra-kabelgebunden\/\"]}]},{\"@type\":\"ImageObject\",\"inLanguage\":\"de\",\"@id\":\"https:\/\/sec-ur.de\/index.php\/ajax-fibra-kabelgebunden\/#primaryimage\",\"url\":\"https:\/\/sec-ur.de\/wp-content\/uploads\/2025\/01\/59090-Lifestyle-Ajax-KeyPad-Fibra-White_800x800.png\",\"contentUrl\":\"https:\/\/sec-ur.de\/wp-content\/uploads\/2025\/01\/59090-Lifestyle-Ajax-KeyPad-Fibra-White_800x800.png\",\"width\":800,\"height\":800},{\"@type\":\"BreadcrumbList\",\"@id\":\"https:\/\/sec-ur.de\/index.php\/ajax-fibra-kabelgebunden\/#breadcrumb\",\"itemListElement\":[{\"@type\":\"ListItem\",\"position\":1,\"name\":\"Startseite\",\"item\":\"https:\/\/sec-ur.de\/\"},{\"@type\":\"ListItem\",\"position\":2,\"name\":\"AJAX FIBRA\"}]},{\"@type\":\"WebSite\",\"@id\":\"https:\/\/sec-ur.de\/#website\",\"url\":\"https:\/\/sec-ur.de\/\",\"name\":\"SECUR Sicherheitssysteme\",\"description\":\"Einbruchmeldeanlagen - Video\u00fcberwachung - Zutrittskontrolle - Notrufzentrale\",\"publisher\":{\"@id\":\"https:\/\/sec-ur.de\/#organization\"},\"potentialAction\":[{\"@type\":\"SearchAction\",\"target\":{\"@type\":\"EntryPoint\",\"urlTemplate\":\"https:\/\/sec-ur.de\/?s={search_term_string}\"},\"query-input\":{\"@type\":\"PropertyValueSpecification\",\"valueRequired\":true,\"valueName\":\"search_term_string\"}}],\"inLanguage\":\"de\"},{\"@type\":\"Organization\",\"@id\":\"https:\/\/sec-ur.de\/#organization\",\"name\":\"SECUR Sicherheitssysteme\",\"url\":\"https:\/\/sec-ur.de\/\",\"logo\":{\"@type\":\"ImageObject\",\"inLanguage\":\"de\",\"@id\":\"https:\/\/sec-ur.de\/#\/schema\/logo\/image\/\",\"url\":\"https:\/\/sec-ur.de\/wp-content\/uploads\/2016\/07\/Logo-neu.jpg\",\"contentUrl\":\"https:\/\/sec-ur.de\/wp-content\/uploads\/2016\/07\/Logo-neu.jpg\",\"width\":1754,\"height\":1240,\"caption\":\"SECUR Sicherheitssysteme\"},\"image\":{\"@id\":\"https:\/\/sec-ur.de\/#\/schema\/logo\/image\/\"},\"sameAs\":[\"https:\/\/www.facebook.com\/Secur-Sicherheitssysteme-1554370868186186\/?ref=bookmarks\",\"https:\/\/www.instagram.com\/secur_sicherheitssysteme\/\",\"https:\/\/www.youtube.com\/channel\/UCknQxP1HzaTWSoOg1NWqxrw\"]}]}<\/script>\n<!-- \/ Yoast SEO plugin. -->","yoast_head_json":{"title":"AJAX FIBRA &#8226; SECUR Sicherheitssysteme","description":"SECUR Sicherheitssysteme AJAX FIBRA &#8226; Mobile kabelgebundene alarmanlage, diebstahl, hoher schaden","robots":{"index":"index","follow":"follow","max-snippet":"max-snippet:-1","max-image-preview":"max-image-preview:large","max-video-preview":"max-video-preview:-1"},"canonical":"https:\/\/sec-ur.de\/index.php\/ajax-fibra-kabelgebunden\/","og_locale":"de_DE","og_type":"article","og_title":"AJAX FIBRA &#8226; SECUR Sicherheitssysteme","og_description":"SECUR Sicherheitssysteme AJAX FIBRA &#8226; Mobile kabelgebundene alarmanlage, diebstahl, hoher schaden","og_url":"https:\/\/sec-ur.de\/index.php\/ajax-fibra-kabelgebunden\/","og_site_name":"SECUR Sicherheitssysteme","article_publisher":"https:\/\/www.facebook.com\/Secur-Sicherheitssysteme-1554370868186186\/?ref=bookmarks","article_modified_time":"2025-01-30T11:11:34+00:00","og_image":[{"url":"https:\/\/sec-ur.de\/wp-content\/uploads\/2025\/01\/59090-Lifestyle-Ajax-KeyPad-Fibra-White_800x800-300x300.png","type":"","width":"","height":""}],"twitter_card":"summary_large_image","twitter_misc":{"Gesch\u00e4tzte Lesezeit":"3\u00a0Minuten"},"schema":{"@context":"https:\/\/schema.org","@graph":[{"@type":"WebPage","@id":"https:\/\/sec-ur.de\/index.php\/ajax-fibra-kabelgebunden\/","url":"https:\/\/sec-ur.de\/index.php\/ajax-fibra-kabelgebunden\/","name":"AJAX FIBRA &#8226; SECUR Sicherheitssysteme","isPartOf":{"@id":"https:\/\/sec-ur.de\/#website"},"primaryImageOfPage":{"@id":"https:\/\/sec-ur.de\/index.php\/ajax-fibra-kabelgebunden\/#primaryimage"},"image":{"@id":"https:\/\/sec-ur.de\/index.php\/ajax-fibra-kabelgebunden\/#primaryimage"},"thumbnailUrl":"https:\/\/sec-ur.de\/wp-content\/uploads\/2025\/01\/59090-Lifestyle-Ajax-KeyPad-Fibra-White_800x800-300x300.png","datePublished":"2018-11-02T11:10:40+00:00","dateModified":"2025-01-30T11:11:34+00:00","description":"SECUR Sicherheitssysteme AJAX FIBRA &#8226; Mobile kabelgebundene alarmanlage, diebstahl, hoher schaden","breadcrumb":{"@id":"https:\/\/sec-ur.de\/index.php\/ajax-fibra-kabelgebunden\/#breadcrumb"},"inLanguage":"de","potentialAction":[{"@type":"ReadAction","target":["https:\/\/sec-ur.de\/index.php\/ajax-fibra-kabelgebunden\/"]}]},{"@type":"ImageObject","inLanguage":"de","@id":"https:\/\/sec-ur.de\/index.php\/ajax-fibra-kabelgebunden\/#primaryimage","url":"https:\/\/sec-ur.de\/wp-content\/uploads\/2025\/01\/59090-Lifestyle-Ajax-KeyPad-Fibra-White_800x800.png","contentUrl":"https:\/\/sec-ur.de\/wp-content\/uploads\/2025\/01\/59090-Lifestyle-Ajax-KeyPad-Fibra-White_800x800.png","width":800,"height":800},{"@type":"BreadcrumbList","@id":"https:\/\/sec-ur.de\/index.php\/ajax-fibra-kabelgebunden\/#breadcrumb","itemListElement":[{"@type":"ListItem","position":1,"name":"Startseite","item":"https:\/\/sec-ur.de\/"},{"@type":"ListItem","position":2,"name":"AJAX FIBRA"}]},{"@type":"WebSite","@id":"https:\/\/sec-ur.de\/#website","url":"https:\/\/sec-ur.de\/","name":"SECUR Sicherheitssysteme","description":"Einbruchmeldeanlagen - Video\u00fcberwachung - Zutrittskontrolle - Notrufzentrale","publisher":{"@id":"https:\/\/sec-ur.de\/#organization"},"potentialAction":[{"@type":"SearchAction","target":{"@type":"EntryPoint","urlTemplate":"https:\/\/sec-ur.de\/?s={search_term_string}"},"query-input":{"@type":"PropertyValueSpecification","valueRequired":true,"valueName":"search_term_string"}}],"inLanguage":"de"},{"@type":"Organization","@id":"https:\/\/sec-ur.de\/#organization","name":"SECUR Sicherheitssysteme","url":"https:\/\/sec-ur.de\/","logo":{"@type":"ImageObject","inLanguage":"de","@id":"https:\/\/sec-ur.de\/#\/schema\/logo\/image\/","url":"https:\/\/sec-ur.de\/wp-content\/uploads\/2016\/07\/Logo-neu.jpg","contentUrl":"https:\/\/sec-ur.de\/wp-content\/uploads\/2016\/07\/Logo-neu.jpg","width":1754,"height":1240,"caption":"SECUR Sicherheitssysteme"},"image":{"@id":"https:\/\/sec-ur.de\/#\/schema\/logo\/image\/"},"sameAs":["https:\/\/www.facebook.com\/Secur-Sicherheitssysteme-1554370868186186\/?ref=bookmarks","https:\/\/www.instagram.com\/secur_sicherheitssysteme\/","https:\/\/www.youtube.com\/channel\/UCknQxP1HzaTWSoOg1NWqxrw"]}]}},"_links":{"self":[{"href":"https:\/\/sec-ur.de\/index.php\/wp-json\/wp\/v2\/pages\/580","targetHints":{"allow":["GET"]}}],"collection":[{"href":"https:\/\/sec-ur.de\/index.php\/wp-json\/wp\/v2\/pages"}],"about":[{"href":"https:\/\/sec-ur.de\/index.php\/wp-json\/wp\/v2\/types\/page"}],"author":[{"embeddable":true,"href":"https:\/\/sec-ur.de\/index.php\/wp-json\/wp\/v2\/users\/1"}],"replies":[{"embeddable":true,"href":"https:\/\/sec-ur.de\/index.php\/wp-json\/wp\/v2\/comments?post=580"}],"version-history":[{"count":5,"href":"https:\/\/sec-ur.de\/index.php\/wp-json\/wp\/v2\/pages\/580\/revisions"}],"predecessor-version":[{"id":790,"href":"https:\/\/sec-ur.de\/index.php\/wp-json\/wp\/v2\/pages\/580\/revisions\/790"}],"wp:attachment":[{"href":"https:\/\/sec-ur.de\/index.php\/wp-json\/wp\/v2\/media?parent=580"}],"curies":[{"name":"wp","href":"https:\/\/api.w.org\/{rel}","templated":true}]}}