{"id":71,"date":"2016-07-19T23:15:28","date_gmt":"2016-07-19T21:15:28","guid":{"rendered":"http:\/\/sec-ur.de\/homepage\/?page_id=71"},"modified":"2025-11-24T09:14:13","modified_gmt":"2025-11-24T08:14:13","slug":"news","status":"publish","type":"page","link":"https:\/\/sec-ur.de\/index.php\/news\/","title":{"rendered":"NEWS"},"content":{"rendered":"<p><strong><span style=\"color: #ff0000;\"><img loading=\"lazy\" decoding=\"async\" class=\"alignnone wp-image-85\" src=\"http:\/\/sec-ur.de\/wp-content\/uploads\/2016\/07\/Geld-Man2.jpg\" alt=\"\" width=\"239\" height=\"227\" \/><\/span><\/strong><\/p>\n<p><span style=\"color: #0000ff;\"><strong>Bonus auf Ihre Hausratversicherung<\/strong><\/span><\/p>\n<p>In den vergangenen Jahren stieg die Zahl der Einbr\u00fcche immer weiter an. Umso wichtiger ist es, Ihr eigenes Hab und Gut umfassend abzusichern. Eine Investition in Ihre Sicherheit ist auch eine Investition in Versicherungsschutz, die immer mehr Versicherungsgesellschaften \u00adhonorieren. So gew\u00e4hren zum Beispiel die meisten Versicherungen beim Nachweis einer eingebauten anerkannten Alarmanlage von SECUR Sicherheitssysteme einen Bonus von 10-15 Prozent auf Ihre Hausratversicherung. Aber auch bei gewerblichen Versicherungen k\u00f6nnen Investitionen in die Sicherungstechnik einen positiven Effekt haben.<\/p>\n<p><span style=\"color: #0000ff;\"><strong>F\u00f6rdermittel der Kreditanstalt f\u00fcr Wiederaufbau<\/strong><\/span><\/p>\n<div class=\"textwidget\">\n<p>Seit November 2015 k\u00f6nnen Sie F\u00f6rdermittel f\u00fcr einbruchsichernde Ma\u00dfnahmen geltend machen.<br \/>\nDas neue F\u00f6rderprogramm erm\u00f6glicht es, k\u00fcnftig KfW-Zusch\u00fcsse (Kreditanstalt f\u00fcr Wiederaufbau) f\u00fcr Alarmanlagen und einbruchsichere T\u00fcren zu beantragen.<br \/>\nDie Alarmanlage muss die Anforderungen des europ\u00e4ischen Standards EN50131 Grad 2 oder besser erf\u00fcllen.<\/p>\n<p>Mehr Informationen finden Sie auf der Website der KfW. www.kfw.de<\/p>\n<\/div>\n<p style=\"padding-left: 30px;\"><img loading=\"lazy\" decoding=\"async\" class=\"alignnone wp-image-97\" src=\"http:\/\/sec-ur.de\/wp-content\/uploads\/2016\/07\/Turbo-HD-300x289.jpg\" alt=\"Turbo HD\" width=\"209\" height=\"201\" srcset=\"https:\/\/sec-ur.de\/wp-content\/uploads\/2016\/07\/Turbo-HD-300x289.jpg 300w, https:\/\/sec-ur.de\/wp-content\/uploads\/2016\/07\/Turbo-HD.jpg 500w\" sizes=\"auto, (max-width: 209px) 100vw, 209px\" \/><\/p>\n<p><strong>Turbo HD&#8230; hei\u00dft FULL HD (1080P) \u00fcber bis zu 500m Koaxial-Kabel<span style=\"color: #ff0000;\"><br \/>\n<\/span><\/strong><\/p>\n<p>Der HD-TVI Standard unterst\u00fctzt die analoge \u00dcbertragung von HD Videoaufnahmen in einer Aufl\u00f6sung von 1080P \u00fcber Distanzen von bis zu 500m \u00fcber Koaxialkabel oder 200m \u00fcber Twisted-Pair-Kabel. HD-TVI verwendet ein Niederfrequenzsignal, das weitgehend unempfindlich gegen elektromagnetische St\u00f6rungen ist, sodass die \u00dcbertragung besonders verl\u00e4sslich ist. Und da die Daten nicht komprimiert werden, ist eine Echtzeitdarstellung in Megapixel-Aufl\u00f6sung ohne Latenzzeit m\u00f6glich. Turbo-HDTechnologie ist ideal f\u00fcr die Aufr\u00fcstung analoger Systeme auf HD, weil vorhandene Einrichtungen einfach \u00fcbernommen werden und somit Investitionen in bestehende Infrastrukturen gesch\u00fctzt werden k\u00f6nnen.<\/p>\n<p><span style=\"color: #0000ff;\"><strong>Turbo HD&#8230; hei\u00dft Plug &amp; Play \u00fcber Koax-Kabel<\/strong><\/span><\/p>\n<p>Die Einstellung des OSD-Men\u00fcs und speziell die PTZ-Steuerung bei Speed Dome Kameras waren noch nie so einfach!<br \/>\nDank UTC Technologie k\u00f6nnen alle Video- und Datensignale \u00fcber das Koaxialkabel \u00fcbertragen werden, sodass keine weiteren Kabel (RS485) erforderlich sind \u2013 und \u00fcber Plug &amp; Play l\u00e4sst sich alles automatisch verbinden. Die Kameras in der Turbo-HDReihe bieten sowohl analoge als auch HD-Konnektivit\u00e4t und k\u00f6nnen an jedes neue oder bestehende System angeschlossen werden. Das Resultat ist au\u00dfergew\u00f6hnliche Flexibilit\u00e4t und einfache Installation im Vergleich zu herk\u00f6mmlichen analogen Systemen: Benutzer k\u00f6nnen jetzt bestehende Anlagen ohne gro\u00dfe Investitionen schnell und einfach f\u00fcr die \u00dcbertragung von Bildern in HD-Qualit\u00e4t aufr\u00fcsten.<\/p>\n<p><span style=\"color: #0000ff;\"><strong>Turbo HD&#8230; hei\u00dft nahtlose Kompatibilit\u00e4t dank Tribrid-Technologie<\/strong><\/span><\/p>\n<p>Die Tribrid-Technologie der neuen Turbo-HD-Reihe von Hikvision bietet nahtlose Kompatibilit\u00e4t \u2013 eine echte Revolution im Bereich der professionellen Sicherheits\u00fcberwachung.<br \/>\nDie Turbo-HD DVRs k\u00f6nnen Videosignale von analogen, HD-TVI-, CIF-, WD (D1)- und IP-Megapixel-Kameras verarbeiten und erm\u00f6glichen so die problemlose Integration verschiedener Technologien. Dank Autosensing geht alles automatisch und die Installation ist ein Kinderspiel. Jetzt k\u00f6nnen Benutzer die Vorteile einer Aufl\u00f6sung von 1080p genie\u00dfen, ohne vorhandene Ger\u00e4te und Infrastrukturen auszutauschen. Das macht Turbo-HD DVRs zur ersten Wahl f\u00fcr die Nachr\u00fcstung bestehender Systeme.<\/p>\n","protected":false},"excerpt":{"rendered":"<p>Bonus auf Ihre Hausratversicherung In den vergangenen Jahren stieg die Zahl der Einbr\u00fcche immer weiter an. Umso wichtiger ist es, Ihr eigenes Hab und Gut umfassend abzusichern. Eine Investition in Ihre Sicherheit ist auch eine Investition in Versicherungsschutz, die immer mehr Versicherungsgesellschaften \u00adhonorieren. So gew\u00e4hren &hellip; <a href=\"https:\/\/sec-ur.de\/index.php\/news\/\" class=\"more-link\"><span>Continue reading<span class=\"screen-reader-text\">NEWS<\/span><\/span><\/a><\/p>\n","protected":false},"author":1,"featured_media":0,"parent":0,"menu_order":0,"comment_status":"closed","ping_status":"closed","template":"","meta":{"footnotes":""},"class_list":["post-71","page","type-page","status-publish","hentry"],"yoast_head":"<!-- This site is optimized with the Yoast SEO plugin v26.4 - https:\/\/yoast.com\/wordpress\/plugins\/seo\/ -->\n<title>NEWS &#8226; SECUR Sicherheitssysteme<\/title>\n<meta name=\"description\" content=\"News: Bonus auf Ihre Hausratversicherung, F\u00f6rdermittel der Kreditanstalt f\u00fcr Wiederaufbau, RFID-Digitalzylinder mit Notschl\u00fcssel\" \/>\n<meta name=\"robots\" content=\"index, follow, max-snippet:-1, max-image-preview:large, max-video-preview:-1\" \/>\n<link rel=\"canonical\" href=\"https:\/\/sec-ur.de\/index.php\/news\/\" \/>\n<meta property=\"og:locale\" content=\"de_DE\" \/>\n<meta property=\"og:type\" content=\"article\" \/>\n<meta property=\"og:title\" content=\"NEWS &#8226; SECUR Sicherheitssysteme\" \/>\n<meta property=\"og:description\" content=\"News: Bonus auf Ihre Hausratversicherung, F\u00f6rdermittel der Kreditanstalt f\u00fcr Wiederaufbau, RFID-Digitalzylinder mit Notschl\u00fcssel\" \/>\n<meta property=\"og:url\" content=\"https:\/\/sec-ur.de\/index.php\/news\/\" \/>\n<meta property=\"og:site_name\" content=\"SECUR Sicherheitssysteme\" \/>\n<meta property=\"article:publisher\" content=\"https:\/\/www.facebook.com\/Secur-Sicherheitssysteme-1554370868186186\/?ref=bookmarks\" \/>\n<meta property=\"article:modified_time\" content=\"2025-11-24T08:14:13+00:00\" \/>\n<meta property=\"og:image\" content=\"https:\/\/sec-ur.de\/wp-content\/uploads\/2016\/07\/Geld-Man2.jpg\" \/>\n\t<meta property=\"og:image:width\" content=\"255\" \/>\n\t<meta property=\"og:image:height\" content=\"242\" \/>\n\t<meta property=\"og:image:type\" content=\"image\/jpeg\" \/>\n<meta name=\"twitter:card\" content=\"summary_large_image\" \/>\n<meta name=\"twitter:label1\" content=\"Gesch\u00e4tzte Lesezeit\" \/>\n\t<meta name=\"twitter:data1\" content=\"3\u00a0Minuten\" \/>\n<script type=\"application\/ld+json\" class=\"yoast-schema-graph\">{\"@context\":\"https:\/\/schema.org\",\"@graph\":[{\"@type\":\"WebPage\",\"@id\":\"https:\/\/sec-ur.de\/index.php\/news\/\",\"url\":\"https:\/\/sec-ur.de\/index.php\/news\/\",\"name\":\"NEWS &#8226; SECUR Sicherheitssysteme\",\"isPartOf\":{\"@id\":\"https:\/\/sec-ur.de\/#website\"},\"primaryImageOfPage\":{\"@id\":\"https:\/\/sec-ur.de\/index.php\/news\/#primaryimage\"},\"image\":{\"@id\":\"https:\/\/sec-ur.de\/index.php\/news\/#primaryimage\"},\"thumbnailUrl\":\"http:\/\/sec-ur.de\/wp-content\/uploads\/2016\/07\/Geld-Man2.jpg\",\"datePublished\":\"2016-07-19T21:15:28+00:00\",\"dateModified\":\"2025-11-24T08:14:13+00:00\",\"description\":\"News: Bonus auf Ihre Hausratversicherung, F\u00f6rdermittel der Kreditanstalt f\u00fcr Wiederaufbau, RFID-Digitalzylinder mit Notschl\u00fcssel\",\"breadcrumb\":{\"@id\":\"https:\/\/sec-ur.de\/index.php\/news\/#breadcrumb\"},\"inLanguage\":\"de\",\"potentialAction\":[{\"@type\":\"ReadAction\",\"target\":[\"https:\/\/sec-ur.de\/index.php\/news\/\"]}]},{\"@type\":\"ImageObject\",\"inLanguage\":\"de\",\"@id\":\"https:\/\/sec-ur.de\/index.php\/news\/#primaryimage\",\"url\":\"https:\/\/sec-ur.de\/wp-content\/uploads\/2016\/07\/Geld-Man2.jpg\",\"contentUrl\":\"https:\/\/sec-ur.de\/wp-content\/uploads\/2016\/07\/Geld-Man2.jpg\",\"width\":255,\"height\":242},{\"@type\":\"BreadcrumbList\",\"@id\":\"https:\/\/sec-ur.de\/index.php\/news\/#breadcrumb\",\"itemListElement\":[{\"@type\":\"ListItem\",\"position\":1,\"name\":\"Startseite\",\"item\":\"https:\/\/sec-ur.de\/\"},{\"@type\":\"ListItem\",\"position\":2,\"name\":\"NEWS\"}]},{\"@type\":\"WebSite\",\"@id\":\"https:\/\/sec-ur.de\/#website\",\"url\":\"https:\/\/sec-ur.de\/\",\"name\":\"SECUR Sicherheitssysteme\",\"description\":\"Einbruchmeldeanlagen - Video\u00fcberwachung - Zutrittskontrolle - Notrufzentrale\",\"publisher\":{\"@id\":\"https:\/\/sec-ur.de\/#organization\"},\"potentialAction\":[{\"@type\":\"SearchAction\",\"target\":{\"@type\":\"EntryPoint\",\"urlTemplate\":\"https:\/\/sec-ur.de\/?s={search_term_string}\"},\"query-input\":{\"@type\":\"PropertyValueSpecification\",\"valueRequired\":true,\"valueName\":\"search_term_string\"}}],\"inLanguage\":\"de\"},{\"@type\":\"Organization\",\"@id\":\"https:\/\/sec-ur.de\/#organization\",\"name\":\"SECUR Sicherheitssysteme\",\"url\":\"https:\/\/sec-ur.de\/\",\"logo\":{\"@type\":\"ImageObject\",\"inLanguage\":\"de\",\"@id\":\"https:\/\/sec-ur.de\/#\/schema\/logo\/image\/\",\"url\":\"https:\/\/sec-ur.de\/wp-content\/uploads\/2016\/07\/Logo-neu.jpg\",\"contentUrl\":\"https:\/\/sec-ur.de\/wp-content\/uploads\/2016\/07\/Logo-neu.jpg\",\"width\":1754,\"height\":1240,\"caption\":\"SECUR Sicherheitssysteme\"},\"image\":{\"@id\":\"https:\/\/sec-ur.de\/#\/schema\/logo\/image\/\"},\"sameAs\":[\"https:\/\/www.facebook.com\/Secur-Sicherheitssysteme-1554370868186186\/?ref=bookmarks\",\"https:\/\/www.instagram.com\/secur_sicherheitssysteme\/\",\"https:\/\/www.youtube.com\/channel\/UCknQxP1HzaTWSoOg1NWqxrw\"]}]}<\/script>\n<!-- \/ Yoast SEO plugin. -->","yoast_head_json":{"title":"NEWS &#8226; SECUR Sicherheitssysteme","description":"News: Bonus auf Ihre Hausratversicherung, F\u00f6rdermittel der Kreditanstalt f\u00fcr Wiederaufbau, RFID-Digitalzylinder mit Notschl\u00fcssel","robots":{"index":"index","follow":"follow","max-snippet":"max-snippet:-1","max-image-preview":"max-image-preview:large","max-video-preview":"max-video-preview:-1"},"canonical":"https:\/\/sec-ur.de\/index.php\/news\/","og_locale":"de_DE","og_type":"article","og_title":"NEWS &#8226; SECUR Sicherheitssysteme","og_description":"News: Bonus auf Ihre Hausratversicherung, F\u00f6rdermittel der Kreditanstalt f\u00fcr Wiederaufbau, RFID-Digitalzylinder mit Notschl\u00fcssel","og_url":"https:\/\/sec-ur.de\/index.php\/news\/","og_site_name":"SECUR Sicherheitssysteme","article_publisher":"https:\/\/www.facebook.com\/Secur-Sicherheitssysteme-1554370868186186\/?ref=bookmarks","article_modified_time":"2025-11-24T08:14:13+00:00","og_image":[{"width":255,"height":242,"url":"https:\/\/sec-ur.de\/wp-content\/uploads\/2016\/07\/Geld-Man2.jpg","type":"image\/jpeg"}],"twitter_card":"summary_large_image","twitter_misc":{"Gesch\u00e4tzte Lesezeit":"3\u00a0Minuten"},"schema":{"@context":"https:\/\/schema.org","@graph":[{"@type":"WebPage","@id":"https:\/\/sec-ur.de\/index.php\/news\/","url":"https:\/\/sec-ur.de\/index.php\/news\/","name":"NEWS &#8226; SECUR Sicherheitssysteme","isPartOf":{"@id":"https:\/\/sec-ur.de\/#website"},"primaryImageOfPage":{"@id":"https:\/\/sec-ur.de\/index.php\/news\/#primaryimage"},"image":{"@id":"https:\/\/sec-ur.de\/index.php\/news\/#primaryimage"},"thumbnailUrl":"http:\/\/sec-ur.de\/wp-content\/uploads\/2016\/07\/Geld-Man2.jpg","datePublished":"2016-07-19T21:15:28+00:00","dateModified":"2025-11-24T08:14:13+00:00","description":"News: Bonus auf Ihre Hausratversicherung, F\u00f6rdermittel der Kreditanstalt f\u00fcr Wiederaufbau, RFID-Digitalzylinder mit Notschl\u00fcssel","breadcrumb":{"@id":"https:\/\/sec-ur.de\/index.php\/news\/#breadcrumb"},"inLanguage":"de","potentialAction":[{"@type":"ReadAction","target":["https:\/\/sec-ur.de\/index.php\/news\/"]}]},{"@type":"ImageObject","inLanguage":"de","@id":"https:\/\/sec-ur.de\/index.php\/news\/#primaryimage","url":"https:\/\/sec-ur.de\/wp-content\/uploads\/2016\/07\/Geld-Man2.jpg","contentUrl":"https:\/\/sec-ur.de\/wp-content\/uploads\/2016\/07\/Geld-Man2.jpg","width":255,"height":242},{"@type":"BreadcrumbList","@id":"https:\/\/sec-ur.de\/index.php\/news\/#breadcrumb","itemListElement":[{"@type":"ListItem","position":1,"name":"Startseite","item":"https:\/\/sec-ur.de\/"},{"@type":"ListItem","position":2,"name":"NEWS"}]},{"@type":"WebSite","@id":"https:\/\/sec-ur.de\/#website","url":"https:\/\/sec-ur.de\/","name":"SECUR Sicherheitssysteme","description":"Einbruchmeldeanlagen - Video\u00fcberwachung - Zutrittskontrolle - Notrufzentrale","publisher":{"@id":"https:\/\/sec-ur.de\/#organization"},"potentialAction":[{"@type":"SearchAction","target":{"@type":"EntryPoint","urlTemplate":"https:\/\/sec-ur.de\/?s={search_term_string}"},"query-input":{"@type":"PropertyValueSpecification","valueRequired":true,"valueName":"search_term_string"}}],"inLanguage":"de"},{"@type":"Organization","@id":"https:\/\/sec-ur.de\/#organization","name":"SECUR Sicherheitssysteme","url":"https:\/\/sec-ur.de\/","logo":{"@type":"ImageObject","inLanguage":"de","@id":"https:\/\/sec-ur.de\/#\/schema\/logo\/image\/","url":"https:\/\/sec-ur.de\/wp-content\/uploads\/2016\/07\/Logo-neu.jpg","contentUrl":"https:\/\/sec-ur.de\/wp-content\/uploads\/2016\/07\/Logo-neu.jpg","width":1754,"height":1240,"caption":"SECUR Sicherheitssysteme"},"image":{"@id":"https:\/\/sec-ur.de\/#\/schema\/logo\/image\/"},"sameAs":["https:\/\/www.facebook.com\/Secur-Sicherheitssysteme-1554370868186186\/?ref=bookmarks","https:\/\/www.instagram.com\/secur_sicherheitssysteme\/","https:\/\/www.youtube.com\/channel\/UCknQxP1HzaTWSoOg1NWqxrw"]}]}},"_links":{"self":[{"href":"https:\/\/sec-ur.de\/index.php\/wp-json\/wp\/v2\/pages\/71","targetHints":{"allow":["GET"]}}],"collection":[{"href":"https:\/\/sec-ur.de\/index.php\/wp-json\/wp\/v2\/pages"}],"about":[{"href":"https:\/\/sec-ur.de\/index.php\/wp-json\/wp\/v2\/types\/page"}],"author":[{"embeddable":true,"href":"https:\/\/sec-ur.de\/index.php\/wp-json\/wp\/v2\/users\/1"}],"replies":[{"embeddable":true,"href":"https:\/\/sec-ur.de\/index.php\/wp-json\/wp\/v2\/comments?post=71"}],"version-history":[{"count":29,"href":"https:\/\/sec-ur.de\/index.php\/wp-json\/wp\/v2\/pages\/71\/revisions"}],"predecessor-version":[{"id":811,"href":"https:\/\/sec-ur.de\/index.php\/wp-json\/wp\/v2\/pages\/71\/revisions\/811"}],"wp:attachment":[{"href":"https:\/\/sec-ur.de\/index.php\/wp-json\/wp\/v2\/media?parent=71"}],"curies":[{"name":"wp","href":"https:\/\/api.w.org\/{rel}","templated":true}]}}